{"id":2488,"date":"2021-10-12T15:55:02","date_gmt":"2021-10-12T15:55:02","guid":{"rendered":"https:\/\/shop.garagestyger.ch\/?post_type=product&#038;p=2488"},"modified":"2024-04-24T06:18:25","modified_gmt":"2024-04-24T06:18:25","slug":"kantenschutz-mit-seitendichtung-klet-horntools","status":"publish","type":"product","link":"https:\/\/shop.garagestyger.ch\/?product=kantenschutz-mit-seitendichtung-klet-horntools","title":{"rendered":"Kantenschutz mit Seitendichtung Klet horntools"},"content":{"rendered":"<div><strong>Kantenschutz mit Seitendichtung<br \/>\n<\/strong><\/div>\n<div>Dieser Kantenschutz mit einer L\u00e4nge von 1 Meter, verst\u00e4rkt durch Metalleinlagen und besitzt zus\u00e4tzlich<br \/>\neine Dichtung. Der Klemmbereich liegt zwischen 0,8 und 2 mm und ist somit Ideal f\u00fcr T\u00fcren, Gl\u00fchlampen<br \/>\nund Kofferraumdichtungen. Die Zubeh\u00f6rteile entsprechen der gewohnten hohen horntools Qualit\u00e4t.<\/div>\n","protected":false},"excerpt":{"rendered":"<p>Kantenschutz mit Seitendichtung Dieser Kantenschutz mit einer L\u00e4nge von 1 Meter, verst\u00e4rkt durch Metalleinlagen und besitzt zus\u00e4tzlich eine Dichtung. Der Klemmbereich liegt zwischen 0,8 und 2 mm und ist somit Ideal f\u00fcr T\u00fcren, Gl\u00fchlampen und Kofferraumdichtungen. Die Zubeh\u00f6rteile entsprechen der gewohnten hohen horntools Qualit\u00e4t.<\/p>\n","protected":false},"featured_media":2489,"comment_status":"open","ping_status":"closed","template":"","meta":[],"product_cat":[426,404,844,15,399,30,400],"product_tag":[786,422,745],"_links":{"self":[{"href":"https:\/\/shop.garagestyger.ch\/index.php?rest_route=\/wp\/v2\/product\/2488"}],"collection":[{"href":"https:\/\/shop.garagestyger.ch\/index.php?rest_route=\/wp\/v2\/product"}],"about":[{"href":"https:\/\/shop.garagestyger.ch\/index.php?rest_route=\/wp\/v2\/types\/product"}],"replies":[{"embeddable":true,"href":"https:\/\/shop.garagestyger.ch\/index.php?rest_route=%2Fwp%2Fv2%2Fcomments&post=2488"}],"wp:featuredmedia":[{"embeddable":true,"href":"https:\/\/shop.garagestyger.ch\/index.php?rest_route=\/wp\/v2\/media\/2489"}],"wp:attachment":[{"href":"https:\/\/shop.garagestyger.ch\/index.php?rest_route=%2Fwp%2Fv2%2Fmedia&parent=2488"}],"wp:term":[{"taxonomy":"product_cat","embeddable":true,"href":"https:\/\/shop.garagestyger.ch\/index.php?rest_route=%2Fwp%2Fv2%2Fproduct_cat&post=2488"},{"taxonomy":"product_tag","embeddable":true,"href":"https:\/\/shop.garagestyger.ch\/index.php?rest_route=%2Fwp%2Fv2%2Fproduct_tag&post=2488"}],"curies":[{"name":"wp","href":"https:\/\/api.w.org\/{rel}","templated":true}]}}