{"id":2481,"date":"2021-10-12T15:48:06","date_gmt":"2021-10-12T15:48:06","guid":{"rendered":"https:\/\/shop.garagestyger.ch\/?post_type=product&#038;p=2481"},"modified":"2022-06-28T14:06:35","modified_gmt":"2022-06-28T14:06:35","slug":"unterlage-matratze-anti-sweat-165cm-horntools","status":"publish","type":"product","link":"https:\/\/shop.garagestyger.ch\/?product=unterlage-matratze-anti-sweat-165cm-horntools","title":{"rendered":"Unterlage Matratze Anti Sweat 165cm horntools"},"content":{"rendered":"<p><strong>3D Matratzen Unterlage Anti Sweat<\/strong><\/p>\n<div>Die horntools\u00a0<strong>Anti-Sweat<\/strong>\u00a0Matratzenunterlage eignet sich perfekt f\u00fcr all unsere Dachzelte. Die Unterlage<br \/>\nhat ein sogenanntes\u00a0<strong>3D-Abstandsgewirke\u00a0<\/strong>welches sich mit ihren Eigenschaften und Vorteilen bew\u00e4hrt hat.Die 10 mm starke Matte sorgt f\u00fcr einen idealen Schlafkomfort, bei Tag und Nacht, da sie sehr bequem und<br \/>\nlanglebig ist, aufgrund des Gewirke eine m\u00f6gliche Bildung von Kondenswasser verringert und die entstehende<br \/>\nFeuchtigkeit schnell ableitet. Zudem ist sie waschbar, schnell trocknend und sehr leicht bei nur 530 g\/m\u00b2.<\/p>\n<\/div>\n","protected":false},"excerpt":{"rendered":"<p>3D Matratzen Unterlage Anti Sweat Die horntools\u00a0Anti-Sweat\u00a0Matratzenunterlage eignet sich perfekt f\u00fcr all unsere Dachzelte. Die Unterlage hat ein sogenanntes\u00a03D-Abstandsgewirke\u00a0welches sich mit ihren Eigenschaften und Vorteilen bew\u00e4hrt hat.Die 10 mm starke Matte sorgt f\u00fcr einen idealen Schlafkomfort, bei Tag und Nacht, da sie sehr bequem und langlebig ist, aufgrund des Gewirke eine m\u00f6gliche Bildung von Kondenswasser [&hellip;]<\/p>\n","protected":false},"featured_media":2482,"comment_status":"open","ping_status":"closed","template":"","meta":[],"product_cat":[426,844,15,399,30,400],"product_tag":[783,738,422,780,784,781,782],"_links":{"self":[{"href":"https:\/\/shop.garagestyger.ch\/index.php?rest_route=\/wp\/v2\/product\/2481"}],"collection":[{"href":"https:\/\/shop.garagestyger.ch\/index.php?rest_route=\/wp\/v2\/product"}],"about":[{"href":"https:\/\/shop.garagestyger.ch\/index.php?rest_route=\/wp\/v2\/types\/product"}],"replies":[{"embeddable":true,"href":"https:\/\/shop.garagestyger.ch\/index.php?rest_route=%2Fwp%2Fv2%2Fcomments&post=2481"}],"wp:featuredmedia":[{"embeddable":true,"href":"https:\/\/shop.garagestyger.ch\/index.php?rest_route=\/wp\/v2\/media\/2482"}],"wp:attachment":[{"href":"https:\/\/shop.garagestyger.ch\/index.php?rest_route=%2Fwp%2Fv2%2Fmedia&parent=2481"}],"wp:term":[{"taxonomy":"product_cat","embeddable":true,"href":"https:\/\/shop.garagestyger.ch\/index.php?rest_route=%2Fwp%2Fv2%2Fproduct_cat&post=2481"},{"taxonomy":"product_tag","embeddable":true,"href":"https:\/\/shop.garagestyger.ch\/index.php?rest_route=%2Fwp%2Fv2%2Fproduct_tag&post=2481"}],"curies":[{"name":"wp","href":"https:\/\/api.w.org\/{rel}","templated":true}]}}