{"id":2467,"date":"2021-10-12T15:33:08","date_gmt":"2021-10-12T15:33:08","guid":{"rendered":"https:\/\/shop.garagestyger.ch\/?post_type=product&#038;p=2467"},"modified":"2024-10-15T09:57:22","modified_gmt":"2024-10-15T09:57:22","slug":"dachzelt-abspannstangen-8er-set-horntools","status":"publish","type":"product","link":"https:\/\/shop.garagestyger.ch\/?product=dachzelt-abspannstangen-8er-set-horntools","title":{"rendered":"Dachzelt Abspannstangen 8er Set horntools"},"content":{"rendered":"<div><strong>Dachzelt Abspannstangen<\/strong><\/div>\n<div>Diese Abspannstangen f\u00fcr dein Dachzelt kommen in einem Set mit 8 St\u00fcck und haben eine L\u00e4nge von 90 cm.<br \/>\nSie sind das passende Ersatzteil, falls du einmal eine deiner Abspannstangen verlierst oder sie kaputt gehen.<\/div>\n","protected":false},"excerpt":{"rendered":"<p>Dachzelt Abspannstangen Diese Abspannstangen f\u00fcr dein Dachzelt kommen in einem Set mit 8 St\u00fcck und haben eine L\u00e4nge von 90 cm. Sie sind das passende Ersatzteil, falls du einmal eine deiner Abspannstangen verlierst oder sie kaputt gehen.<\/p>\n","protected":false},"featured_media":2468,"comment_status":"open","ping_status":"closed","template":"","meta":[],"product_cat":[426,844,15,399,30,400],"product_tag":[775,24,738,422],"_links":{"self":[{"href":"https:\/\/shop.garagestyger.ch\/index.php?rest_route=\/wp\/v2\/product\/2467"}],"collection":[{"href":"https:\/\/shop.garagestyger.ch\/index.php?rest_route=\/wp\/v2\/product"}],"about":[{"href":"https:\/\/shop.garagestyger.ch\/index.php?rest_route=\/wp\/v2\/types\/product"}],"replies":[{"embeddable":true,"href":"https:\/\/shop.garagestyger.ch\/index.php?rest_route=%2Fwp%2Fv2%2Fcomments&post=2467"}],"wp:featuredmedia":[{"embeddable":true,"href":"https:\/\/shop.garagestyger.ch\/index.php?rest_route=\/wp\/v2\/media\/2468"}],"wp:attachment":[{"href":"https:\/\/shop.garagestyger.ch\/index.php?rest_route=%2Fwp%2Fv2%2Fmedia&parent=2467"}],"wp:term":[{"taxonomy":"product_cat","embeddable":true,"href":"https:\/\/shop.garagestyger.ch\/index.php?rest_route=%2Fwp%2Fv2%2Fproduct_cat&post=2467"},{"taxonomy":"product_tag","embeddable":true,"href":"https:\/\/shop.garagestyger.ch\/index.php?rest_route=%2Fwp%2Fv2%2Fproduct_tag&post=2467"}],"curies":[{"name":"wp","href":"https:\/\/api.w.org\/{rel}","templated":true}]}}