{"id":2463,"date":"2021-10-12T15:26:57","date_gmt":"2021-10-12T15:26:57","guid":{"rendered":"https:\/\/shop.garagestyger.ch\/?post_type=product&#038;p=2463"},"modified":"2022-11-29T14:46:47","modified_gmt":"2022-11-29T14:46:47","slug":"zipper-ykk-einzeln-fuer-horntools-dachzelte-und-markisen","status":"publish","type":"product","link":"https:\/\/shop.garagestyger.ch\/?product=zipper-ykk-einzeln-fuer-horntools-dachzelte-und-markisen","title":{"rendered":"Zipper YKK einzeln f\u00fcr horntools Dachzelte und Markisen"},"content":{"rendered":"<div><strong>Zipper f\u00fcr horntools Dachzelte und Markisen<\/strong><\/div>\n<div>Der Zipper kann als Ersatzteil f\u00fcr den Austausch eines besch\u00e4digten oder defekten Zippers genutzt werden.<\/div>\n","protected":false},"excerpt":{"rendered":"<p>Zipper f\u00fcr horntools Dachzelte und Markisen Der Zipper kann als Ersatzteil f\u00fcr den Austausch eines besch\u00e4digten oder defekten Zippers genutzt werden.<\/p>\n","protected":false},"featured_media":2464,"comment_status":"open","ping_status":"closed","template":"","meta":[],"product_cat":[426,844,15,399,30,400],"product_tag":[24,738,422,770,771,772],"_links":{"self":[{"href":"https:\/\/shop.garagestyger.ch\/index.php?rest_route=\/wp\/v2\/product\/2463"}],"collection":[{"href":"https:\/\/shop.garagestyger.ch\/index.php?rest_route=\/wp\/v2\/product"}],"about":[{"href":"https:\/\/shop.garagestyger.ch\/index.php?rest_route=\/wp\/v2\/types\/product"}],"replies":[{"embeddable":true,"href":"https:\/\/shop.garagestyger.ch\/index.php?rest_route=%2Fwp%2Fv2%2Fcomments&post=2463"}],"wp:featuredmedia":[{"embeddable":true,"href":"https:\/\/shop.garagestyger.ch\/index.php?rest_route=\/wp\/v2\/media\/2464"}],"wp:attachment":[{"href":"https:\/\/shop.garagestyger.ch\/index.php?rest_route=%2Fwp%2Fv2%2Fmedia&parent=2463"}],"wp:term":[{"taxonomy":"product_cat","embeddable":true,"href":"https:\/\/shop.garagestyger.ch\/index.php?rest_route=%2Fwp%2Fv2%2Fproduct_cat&post=2463"},{"taxonomy":"product_tag","embeddable":true,"href":"https:\/\/shop.garagestyger.ch\/index.php?rest_route=%2Fwp%2Fv2%2Fproduct_tag&post=2463"}],"curies":[{"name":"wp","href":"https:\/\/api.w.org\/{rel}","templated":true}]}}