{"id":2461,"date":"2021-10-12T15:24:03","date_gmt":"2021-10-12T15:24:03","guid":{"rendered":"https:\/\/shop.garagestyger.ch\/?post_type=product&#038;p=2461"},"modified":"2023-05-15T07:47:10","modified_gmt":"2023-05-15T07:47:10","slug":"uranos-slider-mit-m6-innengewinde","status":"publish","type":"product","link":"https:\/\/shop.garagestyger.ch\/?product=uranos-slider-mit-m6-innengewinde","title":{"rendered":"Uranos Slider mit M6 Innengewinde"},"content":{"rendered":"<div><strong>Slider mit M5 Innengewinde f\u00fcr Uranos Hartschalenzelt<\/strong><\/div>\n<div>Ersatzteil f\u00fcr Austausch oder zus\u00e4tzliche Montage.<\/div>\n","protected":false},"excerpt":{"rendered":"<p>Slider mit M5 Innengewinde f\u00fcr Uranos Hartschalenzelt Ersatzteil f\u00fcr Austausch oder zus\u00e4tzliche Montage.<\/p>\n","protected":false},"featured_media":2462,"comment_status":"open","ping_status":"closed","template":"","meta":[],"product_cat":[426,844,15,399,30,400],"product_tag":[768,422,767,769],"_links":{"self":[{"href":"https:\/\/shop.garagestyger.ch\/index.php?rest_route=\/wp\/v2\/product\/2461"}],"collection":[{"href":"https:\/\/shop.garagestyger.ch\/index.php?rest_route=\/wp\/v2\/product"}],"about":[{"href":"https:\/\/shop.garagestyger.ch\/index.php?rest_route=\/wp\/v2\/types\/product"}],"replies":[{"embeddable":true,"href":"https:\/\/shop.garagestyger.ch\/index.php?rest_route=%2Fwp%2Fv2%2Fcomments&post=2461"}],"wp:featuredmedia":[{"embeddable":true,"href":"https:\/\/shop.garagestyger.ch\/index.php?rest_route=\/wp\/v2\/media\/2462"}],"wp:attachment":[{"href":"https:\/\/shop.garagestyger.ch\/index.php?rest_route=%2Fwp%2Fv2%2Fmedia&parent=2461"}],"wp:term":[{"taxonomy":"product_cat","embeddable":true,"href":"https:\/\/shop.garagestyger.ch\/index.php?rest_route=%2Fwp%2Fv2%2Fproduct_cat&post=2461"},{"taxonomy":"product_tag","embeddable":true,"href":"https:\/\/shop.garagestyger.ch\/index.php?rest_route=%2Fwp%2Fv2%2Fproduct_tag&post=2461"}],"curies":[{"name":"wp","href":"https:\/\/api.w.org\/{rel}","templated":true}]}}