{"id":2406,"date":"2021-08-30T14:19:16","date_gmt":"2021-08-30T14:19:16","guid":{"rendered":"https:\/\/shop.garagestyger.ch\/?post_type=product&#038;p=2406"},"modified":"2021-08-30T15:08:41","modified_gmt":"2021-08-30T15:08:41","slug":"unterfahrschutzplatten-toyota-hilux-revo","status":"publish","type":"product","link":"https:\/\/shop.garagestyger.ch\/?product=unterfahrschutzplatten-toyota-hilux-revo","title":{"rendered":"Unterfahrschutzplatten Toyota Hilux Revo"},"content":{"rendered":"<p>Unterfahrschutzset passend f\u00fcr Deinen Toyota Hilux Revo 2.8l \/ 2.4l von 2015-2019 bestehend aus Schutz f\u00fcr K\u00fchler und Motor, Getriebe, Verteilergetriebe.<\/p>\n<p>Um Dein Fahrzeug vor mechanischer Einwirkung durch Hindernisse von unten optimal zu sch\u00fctzen, empfehlen wir einen Unterfahrschutz von RIVAL zu verbauen. RIVAL Unterfahrschutzsysteme sind aus einer hochfesten Aluminiumlegierung und mit einer hochwertigen Pulverbeschichtung f\u00fcr optimalen Korrosionsschutz und smartes Aussehen beschichtet. Alle Platten sind tiefgezogen, was ma\u00dfgeblich zur Stabilit\u00e4t beitr\u00e4gt. Der Unterfahrschutz verf\u00fcgt \u00fcber Vertiefungen, um die Befestigungsschrauben optimal gegen Einwirkungen von au\u00dfen zu sch\u00fctzen. Besonders hervorheben l\u00e4sst sich die gute Passgenauigkeit und damit verbundene einfache Montage. RIVAL Unterfahrschutze werden, wenn nicht anders angegeben an den originalen Befestigungspunkten montiert, l\u00e4stiges bohren, schneiden oder fr\u00e4sen entf\u00e4llt!<\/p>\n<p>Du hast noch Fragen zur diesem Artikel und w\u00fcnschst Dir noch eine ausf\u00fchrliche Beratung? Dann kannst Du uns gerne anrufen oder eine Anfrage schicken, damit wir eine L\u00f6sung finden die Deinen Anforderungen gerecht wird.<\/p>\n<p><a href=\"https:\/\/garagestyger.ch\/index.php\/kontakt-2\/\"><em><strong>Fragen zum Artikel?<\/strong><\/em><\/a><\/p>\n","protected":false},"excerpt":{"rendered":"<p>Unterfahrschutzset passend f\u00fcr Deinen Toyota Hilux Revo 2.8l \/ 2.4l von 2015-2019 bestehend aus Schutz f\u00fcr K\u00fchler und Motor, Getriebe, Verteilergetriebe.<\/p>\n<p>&nbsp;<\/p>\n","protected":false},"featured_media":2366,"comment_status":"open","ping_status":"closed","template":"","meta":[],"product_cat":[736,446,734],"product_tag":[],"_links":{"self":[{"href":"https:\/\/shop.garagestyger.ch\/index.php?rest_route=\/wp\/v2\/product\/2406"}],"collection":[{"href":"https:\/\/shop.garagestyger.ch\/index.php?rest_route=\/wp\/v2\/product"}],"about":[{"href":"https:\/\/shop.garagestyger.ch\/index.php?rest_route=\/wp\/v2\/types\/product"}],"replies":[{"embeddable":true,"href":"https:\/\/shop.garagestyger.ch\/index.php?rest_route=%2Fwp%2Fv2%2Fcomments&post=2406"}],"wp:featuredmedia":[{"embeddable":true,"href":"https:\/\/shop.garagestyger.ch\/index.php?rest_route=\/wp\/v2\/media\/2366"}],"wp:attachment":[{"href":"https:\/\/shop.garagestyger.ch\/index.php?rest_route=%2Fwp%2Fv2%2Fmedia&parent=2406"}],"wp:term":[{"taxonomy":"product_cat","embeddable":true,"href":"https:\/\/shop.garagestyger.ch\/index.php?rest_route=%2Fwp%2Fv2%2Fproduct_cat&post=2406"},{"taxonomy":"product_tag","embeddable":true,"href":"https:\/\/shop.garagestyger.ch\/index.php?rest_route=%2Fwp%2Fv2%2Fproduct_tag&post=2406"}],"curies":[{"name":"wp","href":"https:\/\/api.w.org\/{rel}","templated":true}]}}