{"id":2377,"date":"2021-08-30T13:30:15","date_gmt":"2021-08-30T13:30:15","guid":{"rendered":"https:\/\/shop.garagestyger.ch\/?post_type=product&#038;p=2377"},"modified":"2024-05-31T11:45:27","modified_gmt":"2024-05-31T11:45:27","slug":"dachzelt-leiter-verlaengerung-horntools-54cm","status":"publish","type":"product","link":"https:\/\/shop.garagestyger.ch\/?product=dachzelt-leiter-verlaengerung-horntools-54cm","title":{"rendered":"Dachzelt Leiter Verl\u00e4ngerung horntools 54cm"},"content":{"rendered":"<div><strong>Dachzeltleiter Verl\u00e4ngerung<\/strong><\/div>\n<div>Die Verl\u00e4ngerung erweitert die Leiter von horntools um 54 cm. Diese wird ben\u00f6tigt, falls dein Dachzelt h\u00f6her<br \/>\nmontiet wurde als 205 cm. Die Erweiterung kann ganz einfach an der originalen Leiter befestigt werden.<\/div>\n","protected":false},"excerpt":{"rendered":"<p>Dachzeltleiter Verl\u00e4ngerung Die Verl\u00e4ngerung erweitert die Leiter von horntools um 54 cm. Diese wird ben\u00f6tigt, falls dein Dachzelt h\u00f6her montiet wurde als 205 cm. Die Erweiterung kann ganz einfach an der originalen Leiter befestigt werden.<\/p>\n","protected":false},"featured_media":2378,"comment_status":"open","ping_status":"closed","template":"","meta":[],"product_cat":[426,844,15,399,30,400],"product_tag":[738,753,754],"_links":{"self":[{"href":"https:\/\/shop.garagestyger.ch\/index.php?rest_route=\/wp\/v2\/product\/2377"}],"collection":[{"href":"https:\/\/shop.garagestyger.ch\/index.php?rest_route=\/wp\/v2\/product"}],"about":[{"href":"https:\/\/shop.garagestyger.ch\/index.php?rest_route=\/wp\/v2\/types\/product"}],"replies":[{"embeddable":true,"href":"https:\/\/shop.garagestyger.ch\/index.php?rest_route=%2Fwp%2Fv2%2Fcomments&post=2377"}],"wp:featuredmedia":[{"embeddable":true,"href":"https:\/\/shop.garagestyger.ch\/index.php?rest_route=\/wp\/v2\/media\/2378"}],"wp:attachment":[{"href":"https:\/\/shop.garagestyger.ch\/index.php?rest_route=%2Fwp%2Fv2%2Fmedia&parent=2377"}],"wp:term":[{"taxonomy":"product_cat","embeddable":true,"href":"https:\/\/shop.garagestyger.ch\/index.php?rest_route=%2Fwp%2Fv2%2Fproduct_cat&post=2377"},{"taxonomy":"product_tag","embeddable":true,"href":"https:\/\/shop.garagestyger.ch\/index.php?rest_route=%2Fwp%2Fv2%2Fproduct_tag&post=2377"}],"curies":[{"name":"wp","href":"https:\/\/api.w.org\/{rel}","templated":true}]}}