{"id":2365,"date":"2021-08-30T13:21:22","date_gmt":"2021-08-30T13:21:22","guid":{"rendered":"https:\/\/shop.garagestyger.ch\/?post_type=product&#038;p=2365"},"modified":"2022-03-15T13:53:25","modified_gmt":"2022-03-15T13:53:25","slug":"seilfenster-horntools-alu-flach-schwarz-gefraest-fuer-kunststoffseile-elektrowinde","status":"publish","type":"product","link":"https:\/\/shop.garagestyger.ch\/?product=seilfenster-horntools-alu-flach-schwarz-gefraest-fuer-kunststoffseile-elektrowinde","title":{"rendered":"Seilfenster horntools Alu flach schwarz gefr\u00e4st f\u00fcr Kunststoffseile Elektrowinde"},"content":{"rendered":"<div><strong>Aluminium Seilfenster in schwarz<br \/>\n<\/strong><\/div>\n<div>Das hochwertige Seilfenster, ohne Logo, in schwarz besteht zu 100 % aus Aluminium. Es eignet sich<br \/>\nspeziell f\u00fcr Bergeseilwinden mit Kunststoffseile wie z. B. Dyneema. Das Fenster ist aus einem vollen<br \/>\nAluminiumblock gefr\u00e4st und anschlie\u00dfend schwarz eloxiert worden. Alle Kanten wurden T\u00dcV<br \/>\ngerecht abgenommen und es ist passend f\u00fcr alle g\u00e4ngigen Seilwinden.<\/div>\n<p>&nbsp;<\/p>\n","protected":false},"excerpt":{"rendered":"<p>Aluminium Seilfenster in schwarz Das hochwertige Seilfenster, ohne Logo, in schwarz besteht zu 100 % aus Aluminium. Es eignet sich speziell f\u00fcr Bergeseilwinden mit Kunststoffseile wie z. B. Dyneema. Das Fenster ist aus einem vollen Aluminiumblock gefr\u00e4st und anschlie\u00dfend schwarz eloxiert worden. Alle Kanten wurden T\u00dcV gerecht abgenommen und es ist passend f\u00fcr alle g\u00e4ngigen [&hellip;]<\/p>\n","protected":false},"featured_media":2367,"comment_status":"open","ping_status":"closed","template":"","meta":[],"product_cat":[426,404,15,399,30,400],"product_tag":[24,740,422,425,750,747],"_links":{"self":[{"href":"https:\/\/shop.garagestyger.ch\/index.php?rest_route=\/wp\/v2\/product\/2365"}],"collection":[{"href":"https:\/\/shop.garagestyger.ch\/index.php?rest_route=\/wp\/v2\/product"}],"about":[{"href":"https:\/\/shop.garagestyger.ch\/index.php?rest_route=\/wp\/v2\/types\/product"}],"replies":[{"embeddable":true,"href":"https:\/\/shop.garagestyger.ch\/index.php?rest_route=%2Fwp%2Fv2%2Fcomments&post=2365"}],"wp:featuredmedia":[{"embeddable":true,"href":"https:\/\/shop.garagestyger.ch\/index.php?rest_route=\/wp\/v2\/media\/2367"}],"wp:attachment":[{"href":"https:\/\/shop.garagestyger.ch\/index.php?rest_route=%2Fwp%2Fv2%2Fmedia&parent=2365"}],"wp:term":[{"taxonomy":"product_cat","embeddable":true,"href":"https:\/\/shop.garagestyger.ch\/index.php?rest_route=%2Fwp%2Fv2%2Fproduct_cat&post=2365"},{"taxonomy":"product_tag","embeddable":true,"href":"https:\/\/shop.garagestyger.ch\/index.php?rest_route=%2Fwp%2Fv2%2Fproduct_tag&post=2365"}],"curies":[{"name":"wp","href":"https:\/\/api.w.org\/{rel}","templated":true}]}}