{"id":2361,"date":"2021-08-30T13:17:29","date_gmt":"2021-08-30T13:17:29","guid":{"rendered":"https:\/\/shop.garagestyger.ch\/?post_type=product&#038;p=2361"},"modified":"2022-05-22T15:09:17","modified_gmt":"2022-05-22T15:09:17","slug":"bogen-schaekel-horntools-g209-6-5t-e-galvanisiert","status":"publish","type":"product","link":"https:\/\/shop.garagestyger.ch\/?product=bogen-schaekel-horntools-g209-6-5t-e-galvanisiert","title":{"rendered":"Bogen Sch\u00e4kel horntools G209 6.5t E-galvanisiert"},"content":{"rendered":"<div><strong>horntools Bogensch\u00e4kel<\/strong><\/div>\n<div>\nDer Sch\u00e4kel wird aus Stahl gefertigt und anschlie\u00dfend galvanisiert. F\u00fcr die perfekte Optik wird er zudem pulverbeschichtet.<br \/>\nDie Sicherheit steht bei unseren Produkten stets an erster Stelle, deswegen haben unsere Sch\u00e4kel eine 4x h\u00f6here<br \/>\nBruchlast als die eigentliche Arbeitslast. Diese Kombination aus hochwertigen Materialien und hoher Sicherheit<br \/>\nmachen unsere Sch\u00e4kel zu einem idealen Arbeitsger\u00e4t in jeder Situation.<\/div>\n","protected":false},"excerpt":{"rendered":"<p>horntools Bogensch\u00e4kel Der Sch\u00e4kel wird aus Stahl gefertigt und anschlie\u00dfend galvanisiert. F\u00fcr die perfekte Optik wird er zudem pulverbeschichtet. Die Sicherheit steht bei unseren Produkten stets an erster Stelle, deswegen haben unsere Sch\u00e4kel eine 4x h\u00f6here Bruchlast als die eigentliche Arbeitslast. Diese Kombination aus hochwertigen Materialien und hoher Sicherheit machen unsere Sch\u00e4kel zu einem idealen [&hellip;]<\/p>\n","protected":false},"featured_media":2362,"comment_status":"open","ping_status":"closed","template":"","meta":[],"product_cat":[426,404,15,399,30,400],"product_tag":[749,422,425,748,747],"_links":{"self":[{"href":"https:\/\/shop.garagestyger.ch\/index.php?rest_route=\/wp\/v2\/product\/2361"}],"collection":[{"href":"https:\/\/shop.garagestyger.ch\/index.php?rest_route=\/wp\/v2\/product"}],"about":[{"href":"https:\/\/shop.garagestyger.ch\/index.php?rest_route=\/wp\/v2\/types\/product"}],"replies":[{"embeddable":true,"href":"https:\/\/shop.garagestyger.ch\/index.php?rest_route=%2Fwp%2Fv2%2Fcomments&post=2361"}],"wp:featuredmedia":[{"embeddable":true,"href":"https:\/\/shop.garagestyger.ch\/index.php?rest_route=\/wp\/v2\/media\/2362"}],"wp:attachment":[{"href":"https:\/\/shop.garagestyger.ch\/index.php?rest_route=%2Fwp%2Fv2%2Fmedia&parent=2361"}],"wp:term":[{"taxonomy":"product_cat","embeddable":true,"href":"https:\/\/shop.garagestyger.ch\/index.php?rest_route=%2Fwp%2Fv2%2Fproduct_cat&post=2361"},{"taxonomy":"product_tag","embeddable":true,"href":"https:\/\/shop.garagestyger.ch\/index.php?rest_route=%2Fwp%2Fv2%2Fproduct_tag&post=2361"}],"curies":[{"name":"wp","href":"https:\/\/api.w.org\/{rel}","templated":true}]}}