{"id":2351,"date":"2021-08-30T13:11:38","date_gmt":"2021-08-30T13:11:38","guid":{"rendered":"https:\/\/shop.garagestyger.ch\/?post_type=product&#038;p=2351"},"modified":"2023-08-24T11:20:28","modified_gmt":"2023-08-24T11:20:28","slug":"umlenkrolle-horntools-9000kg-bl","status":"publish","type":"product","link":"https:\/\/shop.garagestyger.ch\/?product=umlenkrolle-horntools-9000kg-bl","title":{"rendered":"Umlenkrolle horntools 9000kg BL"},"content":{"rendered":"<div><strong>horntools Umlenkrolle f\u00fcr Bodenzug<br \/>\n<\/strong><\/div>\n<div><\/div>\n<div>Die horntools Umlenkrolle ist unverzichtbar und ein Must-have f\u00fcr jeden Offroader. Beim Umgang<\/div>\n<div>mit dieser Rolle sollte aber einiges beachtet werden, damit beim Einsatz dieser alles sicher,<\/div>\n<p>erfolgreich und ungef\u00e4hrlich abl\u00e4uft. Die theoretische Bruchlast liegt bei 15 Tonnen und ist f\u00fcr<br \/>\nSeile bis zu einem Durchmesser von 15 mm mit 3500 kg Arbeitslast geeignet.<\/p>\n<hr \/>\n<p><strong>Richtige Verwendung:<\/strong><\/p>\n<div>Die Umlenkrolle darf nur im Bodenzug verwendet werden. Im Seilwindenbergeeinsatz<\/div>\n<div>ist sie geeignet f\u00fcr Seilwinden mit bis zu 5 Tonnen Zugkraft.<\/div>\n<p>Die Umlenkrolle ist nicht zum Heben von Lasten geeignet. F\u00fcr Holzr\u00fcckarbeiten<br \/>\nist sie zudem nur bedingt tauglich, da die Rolle f\u00fcr Bergewinden mit einer maximalen<br \/>\nGeschwindigkeit von 20 m\/min konzipiert wurde.<\/p>\n<p>Durch den integrierten Schmiernippel ist sie sehr gut als Hilfsrolle geeignet,<br \/>\nwenn man in unwegsamen Gel\u00e4nde die gro\u00dfe Seilrolle nicht tragen kann oder m\u00f6chte.<\/p>\n","protected":false},"excerpt":{"rendered":"<p>horntools Umlenkrolle f\u00fcr Bodenzug Die horntools Umlenkrolle ist unverzichtbar und ein Must-have f\u00fcr jeden Offroader. Beim Umgang mit dieser Rolle sollte aber einiges beachtet werden, damit beim Einsatz dieser alles sicher, erfolgreich und ungef\u00e4hrlich abl\u00e4uft. Die theoretische Bruchlast liegt bei 15 Tonnen und ist f\u00fcr Seile bis zu einem Durchmesser von 15 mm mit 3500 [&hellip;]<\/p>\n","protected":false},"featured_media":2352,"comment_status":"open","ping_status":"closed","template":"","meta":[],"product_cat":[426,404,15,399,400],"product_tag":[422,746,747],"_links":{"self":[{"href":"https:\/\/shop.garagestyger.ch\/index.php?rest_route=\/wp\/v2\/product\/2351"}],"collection":[{"href":"https:\/\/shop.garagestyger.ch\/index.php?rest_route=\/wp\/v2\/product"}],"about":[{"href":"https:\/\/shop.garagestyger.ch\/index.php?rest_route=\/wp\/v2\/types\/product"}],"replies":[{"embeddable":true,"href":"https:\/\/shop.garagestyger.ch\/index.php?rest_route=%2Fwp%2Fv2%2Fcomments&post=2351"}],"wp:featuredmedia":[{"embeddable":true,"href":"https:\/\/shop.garagestyger.ch\/index.php?rest_route=\/wp\/v2\/media\/2352"}],"wp:attachment":[{"href":"https:\/\/shop.garagestyger.ch\/index.php?rest_route=%2Fwp%2Fv2%2Fmedia&parent=2351"}],"wp:term":[{"taxonomy":"product_cat","embeddable":true,"href":"https:\/\/shop.garagestyger.ch\/index.php?rest_route=%2Fwp%2Fv2%2Fproduct_cat&post=2351"},{"taxonomy":"product_tag","embeddable":true,"href":"https:\/\/shop.garagestyger.ch\/index.php?rest_route=%2Fwp%2Fv2%2Fproduct_tag&post=2351"}],"curies":[{"name":"wp","href":"https:\/\/api.w.org\/{rel}","templated":true}]}}