{"id":2349,"date":"2021-08-30T13:08:07","date_gmt":"2021-08-30T13:08:07","guid":{"rendered":"https:\/\/shop.garagestyger.ch\/?post_type=product&#038;p=2349"},"modified":"2024-04-24T06:19:19","modified_gmt":"2024-04-24T06:19:19","slug":"kantenschutz-horntools-klemmbereich-0-8-2mm-10cm","status":"publish","type":"product","link":"https:\/\/shop.garagestyger.ch\/?product=kantenschutz-horntools-klemmbereich-0-8-2mm-10cm","title":{"rendered":"Kantenschutz horntools Klemmbereich 0.8-2mm 1m"},"content":{"rendered":"<div><strong>Kantenschutz<br \/>\n<\/strong><\/div>\n<div>Dieser Kantenschutz mit einer L\u00e4nge von 1 Meter und verst\u00e4rkt durch Metalleinlagen. Der Klemmbereich<br \/>\nliegt zwischen 0,8 und 2 mm und ist somit Ideal f\u00fcr Ladefl\u00e4chen, Kofferraumdichtungen und weiter Kanten<br \/>\ndie gesch\u00fctzt werden sollen. Die Zubeh\u00f6rteile entsprechen der gewohnten hohen horntools Qualit\u00e4t.<\/div>\n","protected":false},"excerpt":{"rendered":"<p>Kantenschutz Dieser Kantenschutz mit einer L\u00e4nge von 1 Meter und verst\u00e4rkt durch Metalleinlagen. Der Klemmbereich liegt zwischen 0,8 und 2 mm und ist somit Ideal f\u00fcr Ladefl\u00e4chen, Kofferraumdichtungen und weiter Kanten die gesch\u00fctzt werden sollen. Die Zubeh\u00f6rteile entsprechen der gewohnten hohen horntools Qualit\u00e4t.<\/p>\n","protected":false},"featured_media":2350,"comment_status":"open","ping_status":"closed","template":"","meta":[],"product_cat":[426,404,844,15,399,30,400],"product_tag":[422,745],"_links":{"self":[{"href":"https:\/\/shop.garagestyger.ch\/index.php?rest_route=\/wp\/v2\/product\/2349"}],"collection":[{"href":"https:\/\/shop.garagestyger.ch\/index.php?rest_route=\/wp\/v2\/product"}],"about":[{"href":"https:\/\/shop.garagestyger.ch\/index.php?rest_route=\/wp\/v2\/types\/product"}],"replies":[{"embeddable":true,"href":"https:\/\/shop.garagestyger.ch\/index.php?rest_route=%2Fwp%2Fv2%2Fcomments&post=2349"}],"wp:featuredmedia":[{"embeddable":true,"href":"https:\/\/shop.garagestyger.ch\/index.php?rest_route=\/wp\/v2\/media\/2350"}],"wp:attachment":[{"href":"https:\/\/shop.garagestyger.ch\/index.php?rest_route=%2Fwp%2Fv2%2Fmedia&parent=2349"}],"wp:term":[{"taxonomy":"product_cat","embeddable":true,"href":"https:\/\/shop.garagestyger.ch\/index.php?rest_route=%2Fwp%2Fv2%2Fproduct_cat&post=2349"},{"taxonomy":"product_tag","embeddable":true,"href":"https:\/\/shop.garagestyger.ch\/index.php?rest_route=%2Fwp%2Fv2%2Fproduct_tag&post=2349"}],"curies":[{"name":"wp","href":"https:\/\/api.w.org\/{rel}","templated":true}]}}