{"id":2343,"date":"2021-08-30T13:05:14","date_gmt":"2021-08-30T13:05:14","guid":{"rendered":"https:\/\/shop.garagestyger.ch\/?post_type=product&#038;p=2343"},"modified":"2022-07-20T09:07:08","modified_gmt":"2022-07-20T09:07:08","slug":"dusch-set-horntools-elektrisch-12v-800w-2-8-bar","status":"publish","type":"product","link":"https:\/\/shop.garagestyger.ch\/?product=dusch-set-horntools-elektrisch-12v-800w-2-8-bar","title":{"rendered":"Dusch Set horntools elektrisch 12V 800W 2.8 bar"},"content":{"rendered":"<p><strong>horntools &#8211; Outdoor Dusche<\/strong><\/p>\n<div>Das ideale Gadget f\u00fcr Offroad-Trips, Campingabenteuer und sonstige l\u00e4ngere Reisen, bei denen<br \/>\nkeine herk\u00f6mmliche Dusche zur Verf\u00fcgung steht. Mit der Outdoor Dusche von horntools brauchst<br \/>\ndu nur die 12 V-Buchse in deinem Fahrzeug und sauberes Wasser.Dank des langen Kabels kannst du die Dusche einfach an deinem Fahrzeug anstecken und<br \/>\nden Duschkopf au\u00dferhalb mit dem mitgelieferten Haken aufh\u00e4ngen oder mit dem Saugnapf<br \/>\nan einer glatten Oberfl\u00e4che befestigen. Anschlie\u00dfend muss die Pumpe nur noch in einen<br \/>\nWasserbeh\u00e4lter gegeben werden und die Dusche ist einsatzbereit.<\/p>\n<p>Verpackt ist das ganze System in einer praktischen Transporttasche. Diese hat eine F\u00fcllmenge<br \/>\nvon 5 Liter und kann gleichzeitig als Wassertank f\u00fcr die Dusche verwendet werden.<br \/>\nEine Ersatzdichtung ist ebenfalls im Lieferumfang enthalten.<\/p>\n<\/div>\n","protected":false},"excerpt":{"rendered":"<p>horntools &#8211; Outdoor Dusche Das ideale Gadget f\u00fcr Offroad-Trips, Campingabenteuer und sonstige l\u00e4ngere Reisen, bei denen keine herk\u00f6mmliche Dusche zur Verf\u00fcgung steht. Mit der Outdoor Dusche von horntools brauchst du nur die 12 V-Buchse in deinem Fahrzeug und sauberes Wasser.Dank des langen Kabels kannst du die Dusche einfach an deinem Fahrzeug anstecken und den Duschkopf [&hellip;]<\/p>\n","protected":false},"featured_media":2344,"comment_status":"open","ping_status":"closed","template":"","meta":[],"product_cat":[426,15,399,30,400],"product_tag":[24,744,743,422],"_links":{"self":[{"href":"https:\/\/shop.garagestyger.ch\/index.php?rest_route=\/wp\/v2\/product\/2343"}],"collection":[{"href":"https:\/\/shop.garagestyger.ch\/index.php?rest_route=\/wp\/v2\/product"}],"about":[{"href":"https:\/\/shop.garagestyger.ch\/index.php?rest_route=\/wp\/v2\/types\/product"}],"replies":[{"embeddable":true,"href":"https:\/\/shop.garagestyger.ch\/index.php?rest_route=%2Fwp%2Fv2%2Fcomments&post=2343"}],"wp:featuredmedia":[{"embeddable":true,"href":"https:\/\/shop.garagestyger.ch\/index.php?rest_route=\/wp\/v2\/media\/2344"}],"wp:attachment":[{"href":"https:\/\/shop.garagestyger.ch\/index.php?rest_route=%2Fwp%2Fv2%2Fmedia&parent=2343"}],"wp:term":[{"taxonomy":"product_cat","embeddable":true,"href":"https:\/\/shop.garagestyger.ch\/index.php?rest_route=%2Fwp%2Fv2%2Fproduct_cat&post=2343"},{"taxonomy":"product_tag","embeddable":true,"href":"https:\/\/shop.garagestyger.ch\/index.php?rest_route=%2Fwp%2Fv2%2Fproduct_tag&post=2343"}],"curies":[{"name":"wp","href":"https:\/\/api.w.org\/{rel}","templated":true}]}}