{"id":2333,"date":"2021-08-30T13:01:09","date_gmt":"2021-08-30T13:01:09","guid":{"rendered":"https:\/\/shop.garagestyger.ch\/?post_type=product&#038;p=2333"},"modified":"2023-08-23T20:22:45","modified_gmt":"2023-08-23T20:22:45","slug":"trittstufe-horntools-universal-tuer","status":"publish","type":"product","link":"https:\/\/shop.garagestyger.ch\/?product=trittstufe-horntools-universal-tuer","title":{"rendered":"Trittstufe horntools Universal T\u00fcr"},"content":{"rendered":"<div><strong>Universal Door Step<\/strong><\/div>\n<div>\nEgal ob du dein Gep\u00e4ck f\u00fcr den n\u00e4chsten Roadtrip verstauen, deine Kanus f\u00fcr den anstehenden Rafting<br \/>\nUrlaub sicher laden m\u00f6chtest oder einfach nur das Dach deines Autos gr\u00fcndlich reinigst.<\/p>\n<p>Der Door Step von horntools erleichtert dir diese T\u00e4tigkeiten um ein Vielfaches.<br \/>\nDenn dank seinem durchdachtem System kann die Stufe in allen U-f\u00f6rmigen T\u00fcrverriegelungen<br \/>\ndeines Fahrzeugs eingeh\u00e4ngt und h\u00f6henverstellt werden.<br \/>\n<strong>Somit passt die Stufe auf jedes Fahrzeug mit den U T\u00fcrfallen ( wie auf dem Bild)<\/strong><\/p>\n<p>Die breite Auftrittfl\u00e4che erm\u00f6glicht es, mit beiden F\u00fc\u00dfen bequem druaf zu stehen.<br \/>\nDank der kompakten Gr\u00f6\u00dfe passt der Door Step ganz einfach in das Handschuhfach,<br \/>\ndie Mittelkonsole oder in die Ersatzreifen-Mulde deines Fahrzeugs.<\/p><\/div>\n","protected":false},"excerpt":{"rendered":"<p>Universal Door Step Egal ob du dein Gep\u00e4ck f\u00fcr den n\u00e4chsten Roadtrip verstauen, deine Kanus f\u00fcr den anstehenden Rafting Urlaub sicher laden m\u00f6chtest oder einfach nur das Dach deines Autos gr\u00fcndlich reinigst. Der Door Step von horntools erleichtert dir diese T\u00e4tigkeiten um ein Vielfaches. Denn dank seinem durchdachtem System kann die Stufe in allen U-f\u00f6rmigen [&hellip;]<\/p>\n","protected":false},"featured_media":2334,"comment_status":"open","ping_status":"closed","template":"","meta":[],"product_cat":[426,404,15,399,30,400],"product_tag":[24,422,741,742],"_links":{"self":[{"href":"https:\/\/shop.garagestyger.ch\/index.php?rest_route=\/wp\/v2\/product\/2333"}],"collection":[{"href":"https:\/\/shop.garagestyger.ch\/index.php?rest_route=\/wp\/v2\/product"}],"about":[{"href":"https:\/\/shop.garagestyger.ch\/index.php?rest_route=\/wp\/v2\/types\/product"}],"replies":[{"embeddable":true,"href":"https:\/\/shop.garagestyger.ch\/index.php?rest_route=%2Fwp%2Fv2%2Fcomments&post=2333"}],"wp:featuredmedia":[{"embeddable":true,"href":"https:\/\/shop.garagestyger.ch\/index.php?rest_route=\/wp\/v2\/media\/2334"}],"wp:attachment":[{"href":"https:\/\/shop.garagestyger.ch\/index.php?rest_route=%2Fwp%2Fv2%2Fmedia&parent=2333"}],"wp:term":[{"taxonomy":"product_cat","embeddable":true,"href":"https:\/\/shop.garagestyger.ch\/index.php?rest_route=%2Fwp%2Fv2%2Fproduct_cat&post=2333"},{"taxonomy":"product_tag","embeddable":true,"href":"https:\/\/shop.garagestyger.ch\/index.php?rest_route=%2Fwp%2Fv2%2Fproduct_tag&post=2333"}],"curies":[{"name":"wp","href":"https:\/\/api.w.org\/{rel}","templated":true}]}}