{"id":2317,"date":"2021-08-30T12:43:52","date_gmt":"2021-08-30T12:43:52","guid":{"rendered":"https:\/\/shop.garagestyger.ch\/?post_type=product&#038;p=2317"},"modified":"2021-08-30T12:43:53","modified_gmt":"2021-08-30T12:43:53","slug":"dachzelt-horntools-desert-165cm","status":"publish","type":"product","link":"https:\/\/shop.garagestyger.ch\/?product=dachzelt-horntools-desert-165cm","title":{"rendered":"Dachzelt horntools Desert 165cm"},"content":{"rendered":"<p>Unser Desert I passt f\u00fcr alle Fahrzeuge, vom kleinen Suzuki Jimny bis zum Land Rover Defender<br \/>\nauf einen Anh\u00e4nger oder ein Boot. Es wird in vier verschiedenen Gr\u00f6\u00dfen angeboten, hier die 160er Variante.<\/p>\n<p>Unsere Zelte werden in einer kleinen Manufaktur extra f\u00fcr unsere Breitengrade sorgf\u00e4ltig hergestellt.<br \/>\nDas Zelt kommt komplett mit Vorzelt und Vorzeltboden. Das gesamte Zubeh\u00f6r, wie die bequeme<br \/>\n8 cm Matratze oder die Befestigungsteile f\u00fcr den Dachtr\u00e4ger sind auch im Lieferumfang enthalten,<br \/>\nkeine versteckten Kosten.<\/p>\n<p>Das Desert ist besonders atmungsaktiv durch das hochwertige Segeltuchgewebe. F\u00fcr den Schutz<br \/>\nvor Regen sorgt das robuste \u00dcberdach aus Polyester. Der Einstieg erfolgt von unten, somit bist du<br \/>\nvor Wind und Wetter gesch\u00fctzt. Zus\u00e4tzliche Moskitonetze an den allen Fenstern und den Eing\u00e4ngen<br \/>\nsorgen f\u00fcr ungest\u00f6rten und erholsamen Schlaf.<\/p>\n<p><strong>Wichtig:<\/strong><br \/>\nVor dem Kauf sollte immer die Breite der Dachtr\u00e4gerstrebe gemessen werden, damit die Gegenplatte f\u00fcr<br \/>\ndie Befestigung auch passt. Die standardm\u00e4\u00dfig mitgelieferte Platte hat ein Lochma\u00df von 65 mm bzw. 73 mm.<br \/>\nDie l\u00e4ngere Variante hat ein Lochma\u00df von 95 mm bis 111 mm und kann unter Zubeh\u00f6r gefunden und extra bestellt werden.<\/p>\n","protected":false},"excerpt":{"rendered":"<p>Unser Desert I passt f\u00fcr alle Fahrzeuge, vom kleinen Suzuki Jimny bis zum Land Rover Defender auf einen Anh\u00e4nger oder ein Boot. Es wird in vier verschiedenen Gr\u00f6\u00dfen angeboten, hier die 160er Variante. Unsere Zelte werden in einer kleinen Manufaktur extra f\u00fcr unsere Breitengrade sorgf\u00e4ltig hergestellt. Das Zelt kommt komplett mit Vorzelt und Vorzeltboden. Das [&hellip;]<\/p>\n","protected":false},"featured_media":2318,"comment_status":"open","ping_status":"closed","template":"","meta":[],"product_cat":[426,404,733,15,399,30,400],"product_tag":[24,738,422,737],"_links":{"self":[{"href":"https:\/\/shop.garagestyger.ch\/index.php?rest_route=\/wp\/v2\/product\/2317"}],"collection":[{"href":"https:\/\/shop.garagestyger.ch\/index.php?rest_route=\/wp\/v2\/product"}],"about":[{"href":"https:\/\/shop.garagestyger.ch\/index.php?rest_route=\/wp\/v2\/types\/product"}],"replies":[{"embeddable":true,"href":"https:\/\/shop.garagestyger.ch\/index.php?rest_route=%2Fwp%2Fv2%2Fcomments&post=2317"}],"wp:featuredmedia":[{"embeddable":true,"href":"https:\/\/shop.garagestyger.ch\/index.php?rest_route=\/wp\/v2\/media\/2318"}],"wp:attachment":[{"href":"https:\/\/shop.garagestyger.ch\/index.php?rest_route=%2Fwp%2Fv2%2Fmedia&parent=2317"}],"wp:term":[{"taxonomy":"product_cat","embeddable":true,"href":"https:\/\/shop.garagestyger.ch\/index.php?rest_route=%2Fwp%2Fv2%2Fproduct_cat&post=2317"},{"taxonomy":"product_tag","embeddable":true,"href":"https:\/\/shop.garagestyger.ch\/index.php?rest_route=%2Fwp%2Fv2%2Fproduct_tag&post=2317"}],"curies":[{"name":"wp","href":"https:\/\/api.w.org\/{rel}","templated":true}]}}