{"id":2275,"date":"2021-08-30T09:47:51","date_gmt":"2021-08-30T09:47:51","guid":{"rendered":"https:\/\/shop.garagestyger.ch\/?post_type=product&#038;p=2275"},"modified":"2021-08-30T12:20:23","modified_gmt":"2021-08-30T12:20:23","slug":"rival-seilwindenstossstange-toyota-hilux-executive-rocco","status":"publish","type":"product","link":"https:\/\/shop.garagestyger.ch\/?product=rival-seilwindenstossstange-toyota-hilux-executive-rocco","title":{"rendered":"RIVAL Seilwindenstossstange Toyota Hilux Executive\/Rocco"},"content":{"rendered":"<p>Lieferumfang:<\/p>\n<ul>\n<li>Montageanleitung<\/li>\n<li>Montagekit<\/li>\n<li>Windensto\u00dfstange<\/li>\n<\/ul>\n<p>Wenn du die Stossstange ohne DTC bestellst, gibt es f\u00fcr die Sto\u00dfstange kein Teilegutachten und somit erlischt die Betriebserlaubnis des Fahrzeuges, wenn die Sto\u00dfstange an das Fahrzeug montiert wird. (nur f\u00fcr EXPORT geeignet!!)<\/p>\n<p>Material:<\/p>\n<ul>\n<li>Windensto\u00dfstange: 6mm Aluminium<\/li>\n<li>Windenplatte: 5mm Stahl<\/li>\n<\/ul>\n<p>Wenn Sie die Stossstange im Strassenverkehr einsetzen wollen, muss Sie von uns umgebaut werden, damit wir Ihnen das DTC ausstellen k\u00f6nnen.<\/p>\n","protected":false},"excerpt":{"rendered":"<p>Aluminiumsto\u00dfstangen von RIVAL bieten Festigkeit und Schutz f\u00fcr ein unvergleichliches Offroadgef\u00fchl.\u00a0Die Sto\u00dfstangen bieten Montagem\u00f6glichkeiten f\u00fcr verschiedene LED-Nebelscheinwerfer \/ Fernlichtscheinwerfer, integrierte\u00a0Abschlepp\u00f6sen\u00a0und Winde, so dass diese Zubeh\u00f6rartikel entsprechend den Anforderungen voll zur Geltung kommen. Die Stossstangen k\u00f6nnen mit Unterfahrschutzplatten von\u00a0RIVAL nahtlos erg\u00e4nzt werden. Eine einfache Montage ist gew\u00e4hrleistet.<\/p>\n<p><a href=\"https:\/\/shop.garagestyger.ch\/wp-content\/uploads\/2021\/08\/2D.5716.1-NL_21_lgeng.pdf\">Montageanleitung English<\/a><\/p>\n","protected":false},"featured_media":2284,"comment_status":"open","ping_status":"closed","template":"","meta":[],"product_cat":[736,404,446,734,15],"product_tag":[],"_links":{"self":[{"href":"https:\/\/shop.garagestyger.ch\/index.php?rest_route=\/wp\/v2\/product\/2275"}],"collection":[{"href":"https:\/\/shop.garagestyger.ch\/index.php?rest_route=\/wp\/v2\/product"}],"about":[{"href":"https:\/\/shop.garagestyger.ch\/index.php?rest_route=\/wp\/v2\/types\/product"}],"replies":[{"embeddable":true,"href":"https:\/\/shop.garagestyger.ch\/index.php?rest_route=%2Fwp%2Fv2%2Fcomments&post=2275"}],"wp:featuredmedia":[{"embeddable":true,"href":"https:\/\/shop.garagestyger.ch\/index.php?rest_route=\/wp\/v2\/media\/2284"}],"wp:attachment":[{"href":"https:\/\/shop.garagestyger.ch\/index.php?rest_route=%2Fwp%2Fv2%2Fmedia&parent=2275"}],"wp:term":[{"taxonomy":"product_cat","embeddable":true,"href":"https:\/\/shop.garagestyger.ch\/index.php?rest_route=%2Fwp%2Fv2%2Fproduct_cat&post=2275"},{"taxonomy":"product_tag","embeddable":true,"href":"https:\/\/shop.garagestyger.ch\/index.php?rest_route=%2Fwp%2Fv2%2Fproduct_tag&post=2275"}],"curies":[{"name":"wp","href":"https:\/\/api.w.org\/{rel}","templated":true}]}}