{"id":2203,"date":"2021-08-27T12:20:46","date_gmt":"2021-08-27T12:20:46","guid":{"rendered":"https:\/\/shop.garagestyger.ch\/produkt\/pro-edelstahl-campingtisch-kit-von-front-runner\/"},"modified":"2022-12-27T07:16:15","modified_gmt":"2022-12-27T07:16:15","slug":"pro-edelstahl-campingtisch-kit-von-front-runner","status":"publish","type":"product","link":"https:\/\/shop.garagestyger.ch\/?product=pro-edelstahl-campingtisch-kit-von-front-runner","title":{"rendered":"Pro Edelstahl Campingtisch Kit &#8211; von Front Runner"},"content":{"rendered":"<p>Beinhaltet:1 x Tisch1 x Unterbauschiene1 x TischschienenverschlussTisch:Material:Schwarz pulverbeschichtetes Aluminium1.2mm EdelstahlplatteProduktabmessungen:1130 mm (L) x 750 mm (B) x 32 mm (H)H\u00f6he, wenn der Tisch aufgestellt ist: 730 mm (28.7&#8220;)Gewicht:11,82 kgTisch Unterbauschienen:Material:Schwarz pulverbeschichteter 3CR12 korrosionsbest\u00e4ndiger StahlProduktabmessungen:881 mm (L) x 187 mm (B) x 46 mm (H)Gewicht:2,4 kgTischschienenverschluss: Material:Schwarz pulverbeschichteter 3CR12 korrosionsbest\u00e4ndiger StahlPVC-BeschichtungProduktma\u00dfe:91 mm (L) x 51,7mm (B) x 47 mm (H)Gewicht:191 gGesamtma\u00dfe:1130 mm (L) x 775 mm (B) x 55 mm (H)Gesamtgewicht:15,2 kgPflegehinweise:Halte Deinen Tisch mit diesen Pflegehinweisen sauber und gl\u00e4nzend.Gebe eine kleine Menge Sp\u00fclmittel auf ein feuchtes, weiches Tuch und wische den Tisch entlang der Oberfl\u00e4chenstruktur ab.Trockne die \u00fcbersch\u00fcssige Feuchtigkeit mit einem trockenen Handtuch ab. Als Politur kann eine kleine Menge Baby\u00f6l genutzt werden.Tupfe daf\u00fcr eine kleine Menge Baby\u00f6l auf den Tisch und wische entlang der Oberfl\u00e4chenstruktur des korrosionsbest\u00e4ndigen Stahls.<\/p>\n","protected":false},"excerpt":{"rendered":"<p>Runde Deine Campingausr\u00fcstung mit diesem Tisch, an dem Ihr Euch versammeln, gemeinsam Kochen und Geschichten erz\u00e4hlen k\u00f6nnt, ab. Das Pro Campingtisch Kit von Front Runner beinhaltet sowohl den Pro Edelstahl Campingtisch, die Front Runner Unterbau Tischschienen als auch den Front Runner Tischschienenverschluss.*Unterbau bei den meisten Slimline II Dachtr\u00e4gern von Front Runner m\u00f6glich.<\/p>\n","protected":false},"featured_media":2727,"comment_status":"open","ping_status":"closed","template":"","meta":[],"product_cat":[732,15,19,30],"product_tag":[],"_links":{"self":[{"href":"https:\/\/shop.garagestyger.ch\/index.php?rest_route=\/wp\/v2\/product\/2203"}],"collection":[{"href":"https:\/\/shop.garagestyger.ch\/index.php?rest_route=\/wp\/v2\/product"}],"about":[{"href":"https:\/\/shop.garagestyger.ch\/index.php?rest_route=\/wp\/v2\/types\/product"}],"replies":[{"embeddable":true,"href":"https:\/\/shop.garagestyger.ch\/index.php?rest_route=%2Fwp%2Fv2%2Fcomments&post=2203"}],"wp:featuredmedia":[{"embeddable":true,"href":"https:\/\/shop.garagestyger.ch\/index.php?rest_route=\/wp\/v2\/media\/2727"}],"wp:attachment":[{"href":"https:\/\/shop.garagestyger.ch\/index.php?rest_route=%2Fwp%2Fv2%2Fmedia&parent=2203"}],"wp:term":[{"taxonomy":"product_cat","embeddable":true,"href":"https:\/\/shop.garagestyger.ch\/index.php?rest_route=%2Fwp%2Fv2%2Fproduct_cat&post=2203"},{"taxonomy":"product_tag","embeddable":true,"href":"https:\/\/shop.garagestyger.ch\/index.php?rest_route=%2Fwp%2Fv2%2Fproduct_tag&post=2203"}],"curies":[{"name":"wp","href":"https:\/\/api.w.org\/{rel}","templated":true}]}}