{"id":2186,"date":"2021-08-27T12:20:43","date_gmt":"2021-08-27T12:20:43","guid":{"rendered":"https:\/\/shop.garagestyger.ch\/produkt\/kurze-stratchit-kombigurte-paar-von-front-runner\/"},"modified":"2022-09-06T13:59:32","modified_gmt":"2022-09-06T13:59:32","slug":"kurze-stratchit-kombigurte-paar-von-front-runner","status":"publish","type":"product","link":"https:\/\/shop.garagestyger.ch\/?product=kurze-stratchit-kombigurte-paar-von-front-runner","title":{"rendered":"Kurze Stratchit Kombigurte (Paar) &#8211; von Front Runner"},"content":{"rendered":"<p>Sichere deine Ladung und Ausr\u00fcstung mit den kompakten Stratchit Kombigurten. Die Stratchit Kombigurte sind eine Option der ultamiven Ladungssicherung durch dehnbare Ratschenleistung und einen leichten und robusten Gurt, der 507mm \/ 20.&#8220; k\u00fcrzer ist als der regul\u00e4re Stratchit Gurt. Befestige Deine Ladung simpel und effektiv. Auch vor unwegsamen Stra\u00dfen brauchst Du dank der Stratch-it Kombigurte keine Angst mehr haben. Hier wackelt nichts mehr!<\/p>\n<p>Der Kombigurt absorbiert die Spannung und die Ladung h\u00e4lt bombenfest. Mit seiner Ratsche kannst Du beliebig gro\u00dfe Gegenst\u00e4nde einfach festzurren. Gute Fahrt!<\/p>\n<p>&nbsp;<\/p>\n<ul>\n<li>Sichere Deine Ladung einfach und effektiv: ohne Klapperger\u00e4usche, selbst wenn Du \u00fcber holprige Pfade f\u00e4hrst.<\/li>\n<li>Die kurzen Stratchit Kombigurte absorbieren die Spannung und die Ladung h\u00e4lt bombenfest.<\/li>\n<li>Die Stratchit Kombigurte sind variabel einstellbar von 470 mm \/ 18,5 &#8220; bis 1017 mm \/ 40&#8243; L\u00e4nge<\/li>\n<li>Schnell und effizient: Einfach die Enden sichern und den Gurt festziehen.<\/li>\n<li>L\u00e4sst sich an allem und um alles herum befestigen.<\/li>\n<li>Perfekt f\u00fcr Front Runner Dachtr\u00e4ger und Zubeh\u00f6r, aber auch kompatibel mit anderen Dachtr\u00e4gersystemen.<\/li>\n<li>Vielfach einsetzbar! Sichert<a href=\"https:\/\/www.frontrunneroutfitters.com\/de\/de\/front-runner-wolf-pack.html\">Wolf Pack &#8211; von Front Runner<\/a>,\u00a0<a href=\"https:\/\/www.frontrunneroutfitters.com\/de\/de\/front-runner-cub-pack.html\">Cub Box &#8211; von Front Runner<\/a>\u00a0und andere Aufbewahrungsboxen (Pelican, Zargas, Alu-box, etc.) an Dachtr\u00e4ger jeglicher Art.<\/li>\n<li>Sichert: Surfboards, SUP, Fahrr\u00e4der, Brennholz, St\u00fchle, etc.<\/li>\n<li>Verstaue Dein Gep\u00e4ck sicher im Fahrzeug. Der Schlafsack kann besonders eng zusammengeschn\u00fcrt werden.<\/li>\n<li>Wird paarweise verkauft.<\/li>\n<\/ul>\n<p><strong>Gebrauchsanweisung:<\/strong><\/p>\n<p>Einfach an den Befestigungs\u00f6sen festhaken oder um die Latten oder Seitenprofile wickeln und an den Stratchit Kombigurten selbst befestigen.<\/p>\n<p>Du kannst auch den Karabiner entfernen und den Stratchit Kombigurt an sich selbst befestigen. An jeder Dachreling, Gel\u00e4nder, Stange, Sto\u00dfstange etc.<\/p>\n<p><strong>Warnhinweis:<\/strong><\/p>\n<p>Bitte lies die Warnhinweise aufmerksam und befolge sie, ansonsten kann es zu Sch\u00e4den an der Ladung oder Verletzungen kommen.<\/p>\n<p>Nicht \u00fcberdehnen und nur Hand-Hebelwirkung verwenden.<\/p>\n<p>Um Verletzungen zu vermeiden, nicht auf dem direkten Weg des Stratchit Kombigurts stehen, w\u00e4hrend man diesen spannt, falls der Gurt sich l\u00f6sen sollte.<\/p>\n<p>Die Ladung &#8222;bewegt sich&#8220;: \u00fcberpr\u00fcfe die Stratchit Kombigurte nach den ersten 10 Meilen und danach jeweils nach 50 weiteren Meilen.<\/p>\n<p>Beachte Verkehrslast und sonstigen Anforderungen. AUF KEINEN FALL verwenden, um Menschen zu sichern.<\/p>\n<p>\u00dcberpr\u00fcfe die Stratchit Kombigurte regelm\u00e4\u00dfig auf Verschlei\u00dfspuren oder Sch\u00e4den.<\/p>\n<p>Um die Langlebigkeit der Gurte zu gew\u00e4hrleisten, vor Sonne und Witterung sch\u00fctzen auch dann, wenn die Gurte nicht im Einsatz sind.<\/p>\n<p>Achte darauf, dass die Befestigungspunkte des Fahrzeugs oder des Anh\u00e4ngers eine ausreichende Festigkeit aufweisen, um der maximalen Belastung standzuhalten, die w\u00e4hrend des Gebrauchs erzeugt wird. Bei der Sicherung gro\u00dfer Gegenst\u00e4nde, die aerodynamischen Kr\u00e4ften durch St\u00f6\u00dfe oder gro\u00dfen Druck ausgesetzt sind, immer die passende Anzahl von Riemen verwenden und mit reduzierter Geschwindigkeit fahren, um die Auswirkungen dieser Kr\u00e4fte zu minimieren.<\/p>\n","protected":false},"excerpt":{"rendered":"<p>Sichere deine Ladung und Ausr\u00fcstung mit den kompakten Stratchit Kombigurten. Die Stratchit Kombigurte sind eine Option der ultamiven Ladungssicherung durch dehnbare Ratschenleistung und einen leichten und robusten Gurt, der 507mm \/ 20.&#8220; k\u00fcrzer ist als der regul\u00e4re Stratchit Gurt. Befestige Deine Ladung simpel und effektiv. Auch vor unwegsamen Stra\u00dfen brauchst Du dank der Stratch-it Kombigurte keine Angst mehr haben. Hier wackelt nichts mehr!Der Kombigurt absorbiert die Spannung und die Ladung h\u00e4lt bombenfest. Mit seiner Ratsche kannst Du beliebig gro\u00dfe Gegenst\u00e4nde einfach festzurren. Gute Fahrt!<\/p>\n","protected":false},"featured_media":2709,"comment_status":"open","ping_status":"closed","template":"","meta":[],"product_cat":[15,19],"product_tag":[],"_links":{"self":[{"href":"https:\/\/shop.garagestyger.ch\/index.php?rest_route=\/wp\/v2\/product\/2186"}],"collection":[{"href":"https:\/\/shop.garagestyger.ch\/index.php?rest_route=\/wp\/v2\/product"}],"about":[{"href":"https:\/\/shop.garagestyger.ch\/index.php?rest_route=\/wp\/v2\/types\/product"}],"replies":[{"embeddable":true,"href":"https:\/\/shop.garagestyger.ch\/index.php?rest_route=%2Fwp%2Fv2%2Fcomments&post=2186"}],"wp:featuredmedia":[{"embeddable":true,"href":"https:\/\/shop.garagestyger.ch\/index.php?rest_route=\/wp\/v2\/media\/2709"}],"wp:attachment":[{"href":"https:\/\/shop.garagestyger.ch\/index.php?rest_route=%2Fwp%2Fv2%2Fmedia&parent=2186"}],"wp:term":[{"taxonomy":"product_cat","embeddable":true,"href":"https:\/\/shop.garagestyger.ch\/index.php?rest_route=%2Fwp%2Fv2%2Fproduct_cat&post=2186"},{"taxonomy":"product_tag","embeddable":true,"href":"https:\/\/shop.garagestyger.ch\/index.php?rest_route=%2Fwp%2Fv2%2Fproduct_tag&post=2186"}],"curies":[{"name":"wp","href":"https:\/\/api.w.org\/{rel}","templated":true}]}}