{"id":2185,"date":"2021-08-27T12:20:43","date_gmt":"2021-08-27T12:20:43","guid":{"rendered":"https:\/\/shop.garagestyger.ch\/produkt\/stratchit-kombigurt-paar-von-front-runner\/"},"modified":"2022-09-06T14:01:24","modified_gmt":"2022-09-06T14:01:24","slug":"stratchit-kombigurt-paar-von-front-runner","status":"publish","type":"product","link":"https:\/\/shop.garagestyger.ch\/?product=stratchit-kombigurt-paar-von-front-runner","title":{"rendered":"Stratchit Kombigurt (Paar) &#8211; von Front Runner"},"content":{"rendered":"<p>Revolutioniere die Sicherung Deiner Ausr\u00fcstung auf Deinem Front Runner Slimline Dachtr\u00e4ger oder auf anderen Dachtr\u00e4gern. Der Stratchit Kombigurt ist die ultimative M\u00f6glichkeit Deine Ladung so zu sichern, dass nichts mehr wackelt oder klappert. Diese neuen und verbesserten Stratchits verf\u00fcgen \u00fcber eine Klettlasche f\u00fcr \u00fcbersch\u00fcssige Gurtl\u00e4nge und gr\u00f6\u00dfere Edelstahlkarabiner. Die Stratchits haben alle Vorteile eines kompakten Ratschengurts und eines Bungeeseils kombiniert. Wird immer im Paar verkauft.<\/p>\n<p>&nbsp;<\/p>\n<p>Befestige Deine Ladung simpel und effektiv. Auch vor unwegsamen Stra\u00dfen brauchst Du dank der Stratchit Kombigurte nun keine Angst mehr haben \u2013 hier wackelt nichts mehr! Mit der integrierten Ratsche kannst Du beliebig gro\u00dfe Ausr\u00fcstung einfach festzurren.<\/p>\n<p>&nbsp;<\/p>\n<ul>\n<li>Einstellbar von 560 mm bis 1524 mm, mit einer zus\u00e4tzlichen L\u00e4nge von 203 mm bei vollst\u00e4ndiger Dehnung.<\/li>\n<li>Besch\u00e4digt Deine teure Ausr\u00fcstung wie Surfboards nicht durch zu starkes Festziehen.<\/li>\n<li>Stratchits nehmen die Spannung auf wie ein dehnbarer Ratschengurt.<\/li>\n<li>Schnell und effizient: Befestige einfach die Enden und zieh den Gurt mit der Hand fest.<\/li>\n<li>L\u00e4sst sich an und um so gut wie alles befestigen.<\/li>\n<li>Perfekt f\u00fcr Front Runner Dachtr\u00e4ger und Zubeh\u00f6r, funktioniert aber mit allen g\u00e4ngigen Dachtr\u00e4gersystemen.<\/li>\n<li>Vielseitig einsetzbar! Sichere\u00a0<a href=\"https:\/\/www.frontrunneroutfitters.com\/de\/de\/wolf-pack-pro.html\">Wolf Pack Pro &#8211; von Front Runner<\/a>,\u00a0<a href=\"https:\/\/www.frontrunneroutfitters.com\/de\/de\/front-runner-wolf-pack.html\">Wolf Pack &#8211; von Front Runner<\/a>,\u00a0<a href=\"https:\/\/www.frontrunneroutfitters.com\/de\/de\/front-runner-cub-pack.html\">Cub Box &#8211; von Front Runner<\/a>\u00a0und andere Beh\u00e4lter (Pelican, Zargas, Alu-box etc.) auf jedem Dachtr\u00e4ger.<\/li>\n<li>Sichere Surfboards, SUPs, Fahrr\u00e4der, Feuerholz, St\u00fchle etc.<\/li>\n<li>Halte Deinen Dachtr\u00e4ger sauber und organisiert mit dem Klettband, das die \u00fcbersch\u00fcssige Bandl\u00e4nge ordentlich verstaut.<\/li>\n<li>Stratchits werden immer paarweise verkauft.<\/li>\n<\/ul>\n<p>VERWENDUNG:<\/p>\n<ul>\n<li>Hake den Karabiner der Stratchits in\u00a0<a href=\"https:\/\/www.frontrunneroutfitters.com\/de\/de\/black-tie-down-rings-eye-bolts-nuts.html\">Schwarze galvanisierte Ringschrauben \/ Ringmutter &#8211; von Front Runner<\/a>\u00a0oder\u00a0<a href=\"https:\/\/www.frontrunneroutfitters.com\/de\/de\/front-runner-stainless-steel-tie-down-rings.html\">Ringschrauben aus rostfreiem Stahl &#8211; von Front Runner<\/a>\u00a0ein oder wickle sie einfach um die Querleisten oder Seitenprofile Deines Dachtr\u00e4gers und befestige die Stratchits an sich selbst.<\/li>\n<li>Du kannst sogar den Karabiner entfernen und die Stratchits einfach um sich selbst herumwickeln, um sie an einer beliebigen Reling, Stange, Sto\u00dfstange oder Reserveradhalterung etc. zu befestigen.<\/li>\n<\/ul>\n<p>ACHTUNG:<\/p>\n<p>Bitte lies Dir alle Warnhinweise sorgf\u00e4ltig durch und befolge diese \u2013 ein Nichtbeachten k\u00f6nnte zu Sch\u00e4den an der Ladung f\u00fchren oder Verletzungen verursachen.<\/p>\n<ul>\n<li>Ziehe die Gurte nie zu fest an. Benutze dabei nur Deine H\u00e4nde.<\/li>\n<li>Steh beim Spannen niemals direkt vor den Stratchits, um ein Verletzungsrisiko zu vermeiden, falls sich der Gurt l\u00f6sen sollte.<\/li>\n<li>\u00dcberpr\u00fcfe auf Deinen Reisen zwischendurch, ob die Stratchits Deine Ladung gut sichern und \u00e4ndere gegebenenfalls die Position. \u00dcberpr\u00fcfen solltest du den Gurt nach den ersten 16 km Fahrt und danach alle 80 km.<\/li>\n<li>Der Benutzer muss die Belastung und Anforderungen bewerten. Unter KEINEN UMST\u00c4NDEN zum Tragen von menschlichem Gewicht verwenden.<\/li>\n<li>Um eine gr\u00f6\u00dftm\u00f6gliche Langlebigkeit zu gew\u00e4hrleisten, sollten die Stratchits wenn sie nicht genutzt werden vor direkter Sonneneinstrahlung oder anderen Wettereinfl\u00fcssen gesch\u00fctzt werden.<\/li>\n<li>\u00dcberpr\u00fcfe die Stratchits regelm\u00e4\u00dfig auf Anzeichen von Verschlei\u00df oder Besch\u00e4digung.<\/li>\n<li>Um eine lange Lebensdauer zu gew\u00e4hrleisten, solltest Du die Stratchits vor Sonne und Witterungseinfl\u00fcssen sch\u00fctzen, wenn sie nicht in Gebrauch sind.<\/li>\n<li>Stelle sicher, dass die Befestigungspunkte f\u00fcr die Stratchits stark genug sind, um w\u00e4hrend der Fahrt die Belastung auszuhalten.<\/li>\n<li>Sei besonders vorsichtig, wenn Du gro\u00dfe Objekte befestigst, die aerodynamischen Auftriebskr\u00e4ften durch Unebenheiten auf der Stra\u00dfe ausgesetzt sind. Verwende immer eine entsprechende Anzahl an Gurten und fahre mit reduzierter Geschwindigkeit, um die Auswirkungen dieser Kr\u00e4fte zu minimieren.<\/li>\n<\/ul>\n","protected":false},"excerpt":{"rendered":"<p>Revolutioniere die Sicherung Deiner Ausr\u00fcstung auf Deinem Front Runner Slimline Dachtr\u00e4ger oder auf anderen Dachtr\u00e4gern. Der Stratchit Kombigurt ist die ultimative M\u00f6glichkeit Deine Ladung so zu sichern, dass nichts mehr wackelt oder klappert. Diese neuen und verbesserten Stratchits verf\u00fcgen \u00fcber eine Klettlasche f\u00fcr \u00fcbersch\u00fcssige Gurtl\u00e4nge und gr\u00f6\u00dfere Edelstahlkarabiner. Die Stratchits haben alle Vorteile eines kompakten Ratschengurts und eines Bungeeseils kombiniert. Wird immer im Paar verkauft.<\/p>\n","protected":false},"featured_media":2693,"comment_status":"open","ping_status":"closed","template":"","meta":[],"product_cat":[404,15,19,30,400],"product_tag":[761,895],"_links":{"self":[{"href":"https:\/\/shop.garagestyger.ch\/index.php?rest_route=\/wp\/v2\/product\/2185"}],"collection":[{"href":"https:\/\/shop.garagestyger.ch\/index.php?rest_route=\/wp\/v2\/product"}],"about":[{"href":"https:\/\/shop.garagestyger.ch\/index.php?rest_route=\/wp\/v2\/types\/product"}],"replies":[{"embeddable":true,"href":"https:\/\/shop.garagestyger.ch\/index.php?rest_route=%2Fwp%2Fv2%2Fcomments&post=2185"}],"wp:featuredmedia":[{"embeddable":true,"href":"https:\/\/shop.garagestyger.ch\/index.php?rest_route=\/wp\/v2\/media\/2693"}],"wp:attachment":[{"href":"https:\/\/shop.garagestyger.ch\/index.php?rest_route=%2Fwp%2Fv2%2Fmedia&parent=2185"}],"wp:term":[{"taxonomy":"product_cat","embeddable":true,"href":"https:\/\/shop.garagestyger.ch\/index.php?rest_route=%2Fwp%2Fv2%2Fproduct_cat&post=2185"},{"taxonomy":"product_tag","embeddable":true,"href":"https:\/\/shop.garagestyger.ch\/index.php?rest_route=%2Fwp%2Fv2%2Fproduct_tag&post=2185"}],"curies":[{"name":"wp","href":"https:\/\/api.w.org\/{rel}","templated":true}]}}