{"id":2158,"date":"2021-08-27T12:20:39","date_gmt":"2021-08-27T12:20:39","guid":{"rendered":"https:\/\/shop.garagestyger.ch\/produkt\/land-rover-discovery-3-and-4-schubladensystem-von-front-runner\/"},"modified":"2021-08-27T12:20:39","modified_gmt":"2021-08-27T12:20:39","slug":"land-rover-discovery-3-and-4-schubladensystem-von-front-runner","status":"publish","type":"product","link":"https:\/\/shop.garagestyger.ch\/?product=land-rover-discovery-3-and-4-schubladensystem-von-front-runner","title":{"rendered":"Land Rover Discovery 3 AND 4 Schubladensystem &#8211; von Front Runner"},"content":{"rendered":"<p>Consists of:1 x Front Runner Drawer unit (SSDR002)1 x Land Rover Discovery LR3 LR4 Drawer Deck Completion Set2 x Push to Close latch with 2 keys per lock3 x Accessory Channels6 x Eye Nuts for Accessory Channel1 x T Wrench with 2 custom sockets for wheel winderInstallation Hardware including 4 turnbuckles to secure unit to vehicleFitting InstructionMaterials used:Aluminum &#8211; Accessory Channels Sub FrameBlack powder coated steel &#8211; Drawer Bins FrameCarpet Laminated plywood &#8211; Top Deck Deck SetProduct Dimensions:Closed:972mm (38.3&#8220;) L x 1230mm (48.4&#8220;) W x 328mm (12.9&#8220;) HOpen:1896mm (74.7&#8220;) L x 1230mm (48.4&#8220;) W x 328mm (12.9&#8220;) HInterior Drawer Dimensions:Left Hand Drawer:914mm (36&#8220;) L x 461mm (18.2&#8220;) W x 208mm (8.2&#8220;) HRight Hand Drawer:914mm (36&#8220;) L x 373mm (14.7&#8220;) W x 208mm (8.2&#8220;) HWeight:80.3Kg (177lbs)Load Rating:113Kg (250lbs) per DrawerSpecial Notes:Supplied with a T-wrench and 2 custom sockets for operating the wheel winder through the drawer system.<\/p>\n","protected":false},"excerpt":{"rendered":"<p>Ein Einzelschubladensystem (einfache Breite und H\u00f6he), welches speziellf\u00fcrdenLandRoverDiscovery 3 4 konzipiert wurde.DasSchubladensystempasstinden hinteren Teil desFahrzeugs. Das Schubfachf\u00fclltdenRaumzwischendenRadk\u00e4sten. DiePlattform schlie\u00dft mit den Radk\u00e4sten ab, welche nachdemEntfernender R\u00fccksitze eineflacheOberfl\u00e4che ergibt, perfektf\u00fcrdasVerladenvonG\u00fctern.Montieren sie noch einpaar Loadbars auf die Oberfl\u00e4che und fixieren sie mit den Stratchit Kombigurten weitere Ausr\u00fcstung.<\/p>\n","protected":false},"featured_media":0,"comment_status":"open","ping_status":"closed","template":"","meta":[],"product_cat":[15],"product_tag":[],"_links":{"self":[{"href":"https:\/\/shop.garagestyger.ch\/index.php?rest_route=\/wp\/v2\/product\/2158"}],"collection":[{"href":"https:\/\/shop.garagestyger.ch\/index.php?rest_route=\/wp\/v2\/product"}],"about":[{"href":"https:\/\/shop.garagestyger.ch\/index.php?rest_route=\/wp\/v2\/types\/product"}],"replies":[{"embeddable":true,"href":"https:\/\/shop.garagestyger.ch\/index.php?rest_route=%2Fwp%2Fv2%2Fcomments&post=2158"}],"wp:attachment":[{"href":"https:\/\/shop.garagestyger.ch\/index.php?rest_route=%2Fwp%2Fv2%2Fmedia&parent=2158"}],"wp:term":[{"taxonomy":"product_cat","embeddable":true,"href":"https:\/\/shop.garagestyger.ch\/index.php?rest_route=%2Fwp%2Fv2%2Fproduct_cat&post=2158"},{"taxonomy":"product_tag","embeddable":true,"href":"https:\/\/shop.garagestyger.ch\/index.php?rest_route=%2Fwp%2Fv2%2Fproduct_tag&post=2158"}],"curies":[{"name":"wp","href":"https:\/\/api.w.org\/{rel}","templated":true}]}}