{"id":2122,"date":"2021-08-27T12:20:33","date_gmt":"2021-08-27T12:20:33","guid":{"rendered":"https:\/\/shop.garagestyger.ch\/produkt\/wolf-pack-von-front-runner\/"},"modified":"2022-05-31T11:32:20","modified_gmt":"2022-05-31T11:32:20","slug":"wolf-pack-von-front-runner","status":"publish","type":"product","link":"https:\/\/shop.garagestyger.ch\/?product=wolf-pack-von-front-runner","title":{"rendered":"Wolf Pack &#8211; von Front Runner"},"content":{"rendered":"<p>Material:Schwarzes robustes HDPE PlastikProduktma\u00dfe:510 mm (L) x 400 mm (B) x 230 mm (H)Innenma\u00df:450 mm (L) x 340 mm (B) x 205 mm (H)Gewicht:3,00 kg<\/p>\n","protected":false},"excerpt":{"rendered":"<p>H\u00f6re auf, Dich mit vor\u00fcbergehenden tragbaren Transportl\u00f6sungen herumzuschlagen. Entscheide Dich f\u00fcr dieses &#8220;clip-to-close&#8220; Aufbewahrungscontainer-System.<\/p>\n","protected":false},"featured_media":947,"comment_status":"open","ping_status":"closed","template":"","meta":[],"product_cat":[15,19],"product_tag":[],"_links":{"self":[{"href":"https:\/\/shop.garagestyger.ch\/index.php?rest_route=\/wp\/v2\/product\/2122"}],"collection":[{"href":"https:\/\/shop.garagestyger.ch\/index.php?rest_route=\/wp\/v2\/product"}],"about":[{"href":"https:\/\/shop.garagestyger.ch\/index.php?rest_route=\/wp\/v2\/types\/product"}],"replies":[{"embeddable":true,"href":"https:\/\/shop.garagestyger.ch\/index.php?rest_route=%2Fwp%2Fv2%2Fcomments&post=2122"}],"wp:featuredmedia":[{"embeddable":true,"href":"https:\/\/shop.garagestyger.ch\/index.php?rest_route=\/wp\/v2\/media\/947"}],"wp:attachment":[{"href":"https:\/\/shop.garagestyger.ch\/index.php?rest_route=%2Fwp%2Fv2%2Fmedia&parent=2122"}],"wp:term":[{"taxonomy":"product_cat","embeddable":true,"href":"https:\/\/shop.garagestyger.ch\/index.php?rest_route=%2Fwp%2Fv2%2Fproduct_cat&post=2122"},{"taxonomy":"product_tag","embeddable":true,"href":"https:\/\/shop.garagestyger.ch\/index.php?rest_route=%2Fwp%2Fv2%2Fproduct_tag&post=2122"}],"curies":[{"name":"wp","href":"https:\/\/api.w.org\/{rel}","templated":true}]}}