{"id":2121,"date":"2021-08-27T12:20:33","date_gmt":"2021-08-27T12:20:33","guid":{"rendered":"https:\/\/shop.garagestyger.ch\/produkt\/hoher-deckel-fuer-wolf-pack-von-front-runner\/"},"modified":"2022-03-01T16:06:20","modified_gmt":"2022-03-01T16:06:20","slug":"hoher-deckel-fuer-wolf-pack-von-front-runner","status":"publish","type":"product","link":"https:\/\/shop.garagestyger.ch\/?product=hoher-deckel-fuer-wolf-pack-von-front-runner","title":{"rendered":"Hoher Deckel f\u00fcr Wolf Pack &#8211; von Front Runner"},"content":{"rendered":"<p>Material:Schwarzes robustes HDPE PlastikProduktma\u00dfe:Produktma\u00dfe des hohen Deckels (nur Deckel):400 mm (L) x 510 mm (B) x 90 mm (H)Gewicht des hohen Deckels (nur Deckel):1,1 kgGesamtma\u00dfe:Ma\u00dfe des Wolf Pack mit hohem Deckel:400 mm (L) x 510 mm (B) x 295 mm (H)Innenma\u00dfe:335 mm (L) x 445 mm (B) x 205 mm (H)Gewicht:3,3 kg<\/p>\n","protected":false},"excerpt":{"rendered":"<p>Schaffen Sie extra Stauraum in Ihrem Wolf Pack mit diesem extra hohen Deckel. Die extra H\u00f6he von 2.5&#8220;\/63.5mm vereinfacht die Verwaltung von gr\u00f6\u00dferen Containern und sperriger Ausr\u00fcstung. Verf\u00fcgt \u00fcber den gleichen &#8220;Clip-to-close&#8220; Verschluss, dem flachprofiligen Design und der Stapelfunktionalit\u00e4t wie beim original Wolf Pack Deckel.<\/p>\n","protected":false},"featured_media":2704,"comment_status":"open","ping_status":"closed","template":"","meta":[],"product_cat":[15,19],"product_tag":[],"_links":{"self":[{"href":"https:\/\/shop.garagestyger.ch\/index.php?rest_route=\/wp\/v2\/product\/2121"}],"collection":[{"href":"https:\/\/shop.garagestyger.ch\/index.php?rest_route=\/wp\/v2\/product"}],"about":[{"href":"https:\/\/shop.garagestyger.ch\/index.php?rest_route=\/wp\/v2\/types\/product"}],"replies":[{"embeddable":true,"href":"https:\/\/shop.garagestyger.ch\/index.php?rest_route=%2Fwp%2Fv2%2Fcomments&post=2121"}],"wp:featuredmedia":[{"embeddable":true,"href":"https:\/\/shop.garagestyger.ch\/index.php?rest_route=\/wp\/v2\/media\/2704"}],"wp:attachment":[{"href":"https:\/\/shop.garagestyger.ch\/index.php?rest_route=%2Fwp%2Fv2%2Fmedia&parent=2121"}],"wp:term":[{"taxonomy":"product_cat","embeddable":true,"href":"https:\/\/shop.garagestyger.ch\/index.php?rest_route=%2Fwp%2Fv2%2Fproduct_cat&post=2121"},{"taxonomy":"product_tag","embeddable":true,"href":"https:\/\/shop.garagestyger.ch\/index.php?rest_route=%2Fwp%2Fv2%2Fproduct_tag&post=2121"}],"curies":[{"name":"wp","href":"https:\/\/api.w.org\/{rel}","templated":true}]}}