{"id":2119,"date":"2021-08-27T12:20:33","date_gmt":"2021-08-27T12:20:33","guid":{"rendered":"https:\/\/shop.garagestyger.ch\/produkt\/cub-box-von-front-runner\/"},"modified":"2022-04-25T12:09:10","modified_gmt":"2022-04-25T12:09:10","slug":"cub-box-von-front-runner","status":"publish","type":"product","link":"https:\/\/shop.garagestyger.ch\/?product=cub-box-von-front-runner","title":{"rendered":"Cub Box &#8211; von Front Runner"},"content":{"rendered":"<p>Material:Black high density polyethelene (HDPE) plasticProduct Dimensions:L 440mm (17.3&#8220;) x W 315mm (12.4&#8220;) x H 210mm (8.3&#8220;)Internal Dimensions:W 385mm (15.2&#8220;) x L 270mm (10.6&#8220;) x H 185mm (7.3&#8220;)Weight:2.04kg (3.52lbs)<\/p>\n","protected":false},"excerpt":{"rendered":"<p>H\u00f6r auf Dich mit zweitklassigen Transportl\u00f6sungen herumzu\u00e4rgern. Kaufe diese miteinander verbindbaren Lagerbeh\u00e4ltnisse.<\/p>\n","protected":false},"featured_media":943,"comment_status":"open","ping_status":"closed","template":"","meta":[],"product_cat":[15,19],"product_tag":[],"_links":{"self":[{"href":"https:\/\/shop.garagestyger.ch\/index.php?rest_route=\/wp\/v2\/product\/2119"}],"collection":[{"href":"https:\/\/shop.garagestyger.ch\/index.php?rest_route=\/wp\/v2\/product"}],"about":[{"href":"https:\/\/shop.garagestyger.ch\/index.php?rest_route=\/wp\/v2\/types\/product"}],"replies":[{"embeddable":true,"href":"https:\/\/shop.garagestyger.ch\/index.php?rest_route=%2Fwp%2Fv2%2Fcomments&post=2119"}],"wp:featuredmedia":[{"embeddable":true,"href":"https:\/\/shop.garagestyger.ch\/index.php?rest_route=\/wp\/v2\/media\/943"}],"wp:attachment":[{"href":"https:\/\/shop.garagestyger.ch\/index.php?rest_route=%2Fwp%2Fv2%2Fmedia&parent=2119"}],"wp:term":[{"taxonomy":"product_cat","embeddable":true,"href":"https:\/\/shop.garagestyger.ch\/index.php?rest_route=%2Fwp%2Fv2%2Fproduct_cat&post=2119"},{"taxonomy":"product_tag","embeddable":true,"href":"https:\/\/shop.garagestyger.ch\/index.php?rest_route=%2Fwp%2Fv2%2Fproduct_tag&post=2119"}],"curies":[{"name":"wp","href":"https:\/\/api.w.org\/{rel}","templated":true}]}}