{"id":2095,"date":"2021-08-27T12:20:30","date_gmt":"2021-08-27T12:20:30","guid":{"rendered":"https:\/\/shop.garagestyger.ch\/produkt\/dachtraeger-stromanschluss-und-steckdose-von-front-runner\/"},"modified":"2022-04-25T12:08:57","modified_gmt":"2022-04-25T12:08:57","slug":"dachtraeger-stromanschluss-und-steckdose-von-front-runner","status":"publish","type":"product","link":"https:\/\/shop.garagestyger.ch\/?product=dachtraeger-stromanschluss-und-steckdose-von-front-runner","title":{"rendered":"Dachtr\u00e4ger Stromanschluss und Steckdose &#8211; von Front Runner"},"content":{"rendered":"<p>Inhalt:1 x Blende2 x SteckdosenInstallationsmaterialMaterial:Schwarz pulverbeschichteter 3CR12 korrosionsbest\u00e4ndiger StahlProduktma\u00dfe:72 mm x 112 mm x 50 mmGewicht:300 g<\/p>\n","protected":false},"excerpt":{"rendered":"<p>Strom immer da, wo Du ihn brauchst &#8211; mit Hilfe dieses am Dachtr\u00e4ger zu montierenden Stromversorgung F\u00fcr Zusatzscheinwerfer oder andere 12V Ger\u00e4te.<\/p>\n","protected":false},"featured_media":2680,"comment_status":"open","ping_status":"closed","template":"","meta":[],"product_cat":[15,19],"product_tag":[],"_links":{"self":[{"href":"https:\/\/shop.garagestyger.ch\/index.php?rest_route=\/wp\/v2\/product\/2095"}],"collection":[{"href":"https:\/\/shop.garagestyger.ch\/index.php?rest_route=\/wp\/v2\/product"}],"about":[{"href":"https:\/\/shop.garagestyger.ch\/index.php?rest_route=\/wp\/v2\/types\/product"}],"replies":[{"embeddable":true,"href":"https:\/\/shop.garagestyger.ch\/index.php?rest_route=%2Fwp%2Fv2%2Fcomments&post=2095"}],"wp:featuredmedia":[{"embeddable":true,"href":"https:\/\/shop.garagestyger.ch\/index.php?rest_route=\/wp\/v2\/media\/2680"}],"wp:attachment":[{"href":"https:\/\/shop.garagestyger.ch\/index.php?rest_route=%2Fwp%2Fv2%2Fmedia&parent=2095"}],"wp:term":[{"taxonomy":"product_cat","embeddable":true,"href":"https:\/\/shop.garagestyger.ch\/index.php?rest_route=%2Fwp%2Fv2%2Fproduct_cat&post=2095"},{"taxonomy":"product_tag","embeddable":true,"href":"https:\/\/shop.garagestyger.ch\/index.php?rest_route=%2Fwp%2Fv2%2Fproduct_tag&post=2095"}],"curies":[{"name":"wp","href":"https:\/\/api.w.org\/{rel}","templated":true}]}}