{"id":2091,"date":"2021-08-27T12:20:30","date_gmt":"2021-08-27T12:20:30","guid":{"rendered":"https:\/\/shop.garagestyger.ch\/produkt\/40in-led-zusatzscheinwerfer-halterung-fx1000-cb-sm-von-front-runner\/"},"modified":"2022-09-06T12:17:22","modified_gmt":"2022-09-06T12:17:22","slug":"40in-led-zusatzscheinwerfer-halterung-fx1000-cb-sm-von-front-runner","status":"publish","type":"product","link":"https:\/\/shop.garagestyger.ch\/?product=40in-led-zusatzscheinwerfer-halterung-fx1000-cb-sm-von-front-runner","title":{"rendered":"40in LED ZUSATZSCHEINWERFER-HALTERUNG \/ FX1000-CB SM &#8211; VON FRONT RUNNER"},"content":{"rendered":"<p>Inhalt:1 x Set Halterungen Vorderseite (linke und rechte Seite)1 x Set Halterungen Unterseite (linke und rechte Seite)1 x FrontabdeckungInstallationszubeh\u00f6rMontageanleitungMaterial:Schwarz pulverbeschichtetes Aluminium und 3CR12 korrosionsbest\u00e4ndiger StahlProduktma\u00dfe:1115 mm (L) x 133 mm (B) x 74 mm (H)Gewicht:1,6 kg<\/p>\n","protected":false},"excerpt":{"rendered":"<p>Halterung zur Sicherung der LED Zusatzscheinwerfer FX1000-CB SM \/ 12V\/24V \/ Single Mount auf der oberen oder der unteren Seite des Front Runner Dachtr\u00e4gers. Die Halterung verf\u00fcgt \u00fcber eine Frontabdeckung, um den Scheinwerfer vor Steinschl\u00e4gen zu sch\u00fctzen.<\/p>\n","protected":false},"featured_media":906,"comment_status":"open","ping_status":"closed","template":"","meta":[],"product_cat":[15,19],"product_tag":[],"_links":{"self":[{"href":"https:\/\/shop.garagestyger.ch\/index.php?rest_route=\/wp\/v2\/product\/2091"}],"collection":[{"href":"https:\/\/shop.garagestyger.ch\/index.php?rest_route=\/wp\/v2\/product"}],"about":[{"href":"https:\/\/shop.garagestyger.ch\/index.php?rest_route=\/wp\/v2\/types\/product"}],"replies":[{"embeddable":true,"href":"https:\/\/shop.garagestyger.ch\/index.php?rest_route=%2Fwp%2Fv2%2Fcomments&post=2091"}],"wp:featuredmedia":[{"embeddable":true,"href":"https:\/\/shop.garagestyger.ch\/index.php?rest_route=\/wp\/v2\/media\/906"}],"wp:attachment":[{"href":"https:\/\/shop.garagestyger.ch\/index.php?rest_route=%2Fwp%2Fv2%2Fmedia&parent=2091"}],"wp:term":[{"taxonomy":"product_cat","embeddable":true,"href":"https:\/\/shop.garagestyger.ch\/index.php?rest_route=%2Fwp%2Fv2%2Fproduct_cat&post=2091"},{"taxonomy":"product_tag","embeddable":true,"href":"https:\/\/shop.garagestyger.ch\/index.php?rest_route=%2Fwp%2Fv2%2Fproduct_tag&post=2091"}],"curies":[{"name":"wp","href":"https:\/\/api.w.org\/{rel}","templated":true}]}}