{"id":2074,"date":"2021-08-27T12:20:27","date_gmt":"2021-08-27T12:20:27","guid":{"rendered":"https:\/\/shop.garagestyger.ch\/produkt\/kabelschloss-fuer-dachtraeger-accessoires-klein-von-front-runner\/"},"modified":"2022-05-31T11:27:38","modified_gmt":"2022-05-31T11:27:38","slug":"kabelschloss-fuer-dachtraeger-accessoires-klein-von-front-runner","status":"publish","type":"product","link":"https:\/\/shop.garagestyger.ch\/?product=kabelschloss-fuer-dachtraeger-accessoires-klein-von-front-runner","title":{"rendered":"Kabelschloss f\u00fcr Dachtr\u00e4ger Accessoires\/ Klein &#8211; von Front Runner"},"content":{"rendered":"<p>Inhalt:1x 3-Stelliges ZahlenkombinationsschlossMaterial:Schloss: Zink LegierungKabel: Korrosionsbest\u00e4ndiger Stahl mit Kunststoff UmmantelungProduktma\u00dfe:87mm (3.4&#8220;) L x 30mm (1.2&#8220;) W x 39mm (1.5&#8220;) HKabell\u00e4nge:100mm (3.9&#8220;)Kabelst\u00e4rke:2.8mm (0.1&#8220;)Gewicht:30g (17oz)<\/p>\n","protected":false},"excerpt":{"rendered":"<p>Sichere Deine Ausr\u00fcstung, wie \u00c4xte, Tische Wolf Packs etc. mit Hilfe dieses Zahlenkombinationsschlosses an Deinem Dachtr\u00e4ger.<\/p>\n","protected":false},"featured_media":2714,"comment_status":"open","ping_status":"closed","template":"","meta":[],"product_cat":[15,19],"product_tag":[],"_links":{"self":[{"href":"https:\/\/shop.garagestyger.ch\/index.php?rest_route=\/wp\/v2\/product\/2074"}],"collection":[{"href":"https:\/\/shop.garagestyger.ch\/index.php?rest_route=\/wp\/v2\/product"}],"about":[{"href":"https:\/\/shop.garagestyger.ch\/index.php?rest_route=\/wp\/v2\/types\/product"}],"replies":[{"embeddable":true,"href":"https:\/\/shop.garagestyger.ch\/index.php?rest_route=%2Fwp%2Fv2%2Fcomments&post=2074"}],"wp:featuredmedia":[{"embeddable":true,"href":"https:\/\/shop.garagestyger.ch\/index.php?rest_route=\/wp\/v2\/media\/2714"}],"wp:attachment":[{"href":"https:\/\/shop.garagestyger.ch\/index.php?rest_route=%2Fwp%2Fv2%2Fmedia&parent=2074"}],"wp:term":[{"taxonomy":"product_cat","embeddable":true,"href":"https:\/\/shop.garagestyger.ch\/index.php?rest_route=%2Fwp%2Fv2%2Fproduct_cat&post=2074"},{"taxonomy":"product_tag","embeddable":true,"href":"https:\/\/shop.garagestyger.ch\/index.php?rest_route=%2Fwp%2Fv2%2Fproduct_tag&post=2074"}],"curies":[{"name":"wp","href":"https:\/\/api.w.org\/{rel}","templated":true}]}}