{"id":2071,"date":"2021-08-27T12:20:27","date_gmt":"2021-08-27T12:20:27","guid":{"rendered":"https:\/\/shop.garagestyger.ch\/produkt\/universal-eckwinkel-von-front-runner\/"},"modified":"2022-03-01T10:26:37","modified_gmt":"2022-03-01T10:26:37","slug":"universal-eckwinkel-von-front-runner","status":"publish","type":"product","link":"https:\/\/shop.garagestyger.ch\/?product=universal-eckwinkel-von-front-runner","title":{"rendered":"Universal Eckwinkel &#8211; von Front Runner"},"content":{"rendered":"<p>Inhalt:4x Pro Universal Eckwinkel4x RingschraubenInstallationszubeh\u00f6rMontageanleitungMaterial:Schwarz pulverbeschichteter 3CR12 korrosionsbest\u00e4ndiger StahlProduktma\u00dfe:100 mm (L) x 82 mm (B) x 42 mm (H) (Je Eckwinkel)Gewicht:1,04kg (4er Set)<\/p>\n","protected":false},"excerpt":{"rendered":"<p>Die Pro Universal Eckwinkel sorgen eine f\u00fcr sichere Befestigung und Transport Deiner Ausr\u00fcstung auf Deinem Front Runner Dachtr\u00e4ger.<\/p>\n","protected":false},"featured_media":877,"comment_status":"open","ping_status":"closed","template":"","meta":[],"product_cat":[15,19],"product_tag":[],"_links":{"self":[{"href":"https:\/\/shop.garagestyger.ch\/index.php?rest_route=\/wp\/v2\/product\/2071"}],"collection":[{"href":"https:\/\/shop.garagestyger.ch\/index.php?rest_route=\/wp\/v2\/product"}],"about":[{"href":"https:\/\/shop.garagestyger.ch\/index.php?rest_route=\/wp\/v2\/types\/product"}],"replies":[{"embeddable":true,"href":"https:\/\/shop.garagestyger.ch\/index.php?rest_route=%2Fwp%2Fv2%2Fcomments&post=2071"}],"wp:featuredmedia":[{"embeddable":true,"href":"https:\/\/shop.garagestyger.ch\/index.php?rest_route=\/wp\/v2\/media\/877"}],"wp:attachment":[{"href":"https:\/\/shop.garagestyger.ch\/index.php?rest_route=%2Fwp%2Fv2%2Fmedia&parent=2071"}],"wp:term":[{"taxonomy":"product_cat","embeddable":true,"href":"https:\/\/shop.garagestyger.ch\/index.php?rest_route=%2Fwp%2Fv2%2Fproduct_cat&post=2071"},{"taxonomy":"product_tag","embeddable":true,"href":"https:\/\/shop.garagestyger.ch\/index.php?rest_route=%2Fwp%2Fv2%2Fproduct_tag&post=2071"}],"curies":[{"name":"wp","href":"https:\/\/api.w.org\/{rel}","templated":true}]}}