{"id":2053,"date":"2021-08-27T12:20:24","date_gmt":"2021-08-27T12:20:24","guid":{"rendered":"https:\/\/shop.garagestyger.ch\/produkt\/teleskopleiter-stuetz-halterung-von-front-runner\/"},"modified":"2021-08-27T12:20:24","modified_gmt":"2021-08-27T12:20:24","slug":"teleskopleiter-stuetz-halterung-von-front-runner","status":"publish","type":"product","link":"https:\/\/shop.garagestyger.ch\/?product=teleskopleiter-stuetz-halterung-von-front-runner","title":{"rendered":"Teleskopleiter St\u00fctz-Halterung &#8211; von Front Runner"},"content":{"rendered":"<p>Inhalt:2 x Leiter-HalterungInstallationszubeh\u00f6rMaterial:Schwarzer pulverbeschichteter 3CR12 korrosionsbest\u00e4ndiger StahlProduktma\u00dfe:50 mm (L) x 60 mm (B) x 15 mm (H)Gewicht:0,1 kg<\/p>\n","protected":false},"excerpt":{"rendered":"<p>Ein Paar Halterungen, die extra f\u00fcr den Slimline II Dachtr\u00e4ger konzipiert wurden. Mittels dieser Halterungen kannst Du eine Teleskopleiter sicher an Deinem Dachtr\u00e4ger anlehnen, sodass sie nicht mehr wegrutschen kann.<\/p>\n","protected":false},"featured_media":0,"comment_status":"open","ping_status":"closed","template":"","meta":[],"product_cat":[15],"product_tag":[],"_links":{"self":[{"href":"https:\/\/shop.garagestyger.ch\/index.php?rest_route=\/wp\/v2\/product\/2053"}],"collection":[{"href":"https:\/\/shop.garagestyger.ch\/index.php?rest_route=\/wp\/v2\/product"}],"about":[{"href":"https:\/\/shop.garagestyger.ch\/index.php?rest_route=\/wp\/v2\/types\/product"}],"replies":[{"embeddable":true,"href":"https:\/\/shop.garagestyger.ch\/index.php?rest_route=%2Fwp%2Fv2%2Fcomments&post=2053"}],"wp:attachment":[{"href":"https:\/\/shop.garagestyger.ch\/index.php?rest_route=%2Fwp%2Fv2%2Fmedia&parent=2053"}],"wp:term":[{"taxonomy":"product_cat","embeddable":true,"href":"https:\/\/shop.garagestyger.ch\/index.php?rest_route=%2Fwp%2Fv2%2Fproduct_cat&post=2053"},{"taxonomy":"product_tag","embeddable":true,"href":"https:\/\/shop.garagestyger.ch\/index.php?rest_route=%2Fwp%2Fv2%2Fproduct_tag&post=2053"}],"curies":[{"name":"wp","href":"https:\/\/api.w.org\/{rel}","templated":true}]}}