{"id":2049,"date":"2021-08-27T12:20:24","date_gmt":"2021-08-27T12:20:24","guid":{"rendered":"https:\/\/shop.garagestyger.ch\/produkt\/umbausatz-leiste-zu-quertraeger-endkappen-satz-von-front-runner\/"},"modified":"2021-08-27T12:20:24","modified_gmt":"2021-08-27T12:20:24","slug":"umbausatz-leiste-zu-quertraeger-endkappen-satz-von-front-runner","status":"publish","type":"product","link":"https:\/\/shop.garagestyger.ch\/?product=umbausatz-leiste-zu-quertraeger-endkappen-satz-von-front-runner","title":{"rendered":"Umbausatz Leiste zu Quertr\u00e4ger &#8211; Endkappen-Satz &#8211; von Front Runner"},"content":{"rendered":"<p>Inhalt:4 x Quertr\u00e4ger EndkappeMaterial:Kunststoff &#8211; PolyproypleneProduktma\u00dfe:91 mm (L) x 30 mm (B) x 23 mm (H)Gewicht:80 g<\/p>\n","protected":false},"excerpt":{"rendered":"<p>Verwandel Dachtr\u00e4ger-Leisten jeder Gr\u00f6\u00dfe zu einem Quertr\u00e4ger mit diesen Kunststoff Endkappen.<\/p>\n","protected":false},"featured_media":0,"comment_status":"open","ping_status":"closed","template":"","meta":[],"product_cat":[15],"product_tag":[],"_links":{"self":[{"href":"https:\/\/shop.garagestyger.ch\/index.php?rest_route=\/wp\/v2\/product\/2049"}],"collection":[{"href":"https:\/\/shop.garagestyger.ch\/index.php?rest_route=\/wp\/v2\/product"}],"about":[{"href":"https:\/\/shop.garagestyger.ch\/index.php?rest_route=\/wp\/v2\/types\/product"}],"replies":[{"embeddable":true,"href":"https:\/\/shop.garagestyger.ch\/index.php?rest_route=%2Fwp%2Fv2%2Fcomments&post=2049"}],"wp:attachment":[{"href":"https:\/\/shop.garagestyger.ch\/index.php?rest_route=%2Fwp%2Fv2%2Fmedia&parent=2049"}],"wp:term":[{"taxonomy":"product_cat","embeddable":true,"href":"https:\/\/shop.garagestyger.ch\/index.php?rest_route=%2Fwp%2Fv2%2Fproduct_cat&post=2049"},{"taxonomy":"product_tag","embeddable":true,"href":"https:\/\/shop.garagestyger.ch\/index.php?rest_route=%2Fwp%2Fv2%2Fproduct_tag&post=2049"}],"curies":[{"name":"wp","href":"https:\/\/api.w.org\/{rel}","templated":true}]}}