{"id":2045,"date":"2021-08-27T12:20:23","date_gmt":"2021-08-27T12:20:23","guid":{"rendered":"https:\/\/shop.garagestyger.ch\/produkt\/slimline-ii-universal-halterung-fuer-accessoires-von-front-runner\/"},"modified":"2024-03-13T09:48:22","modified_gmt":"2024-03-13T09:48:22","slug":"slimline-ii-universal-halterung-fuer-accessoires-von-front-runner","status":"publish","type":"product","link":"https:\/\/shop.garagestyger.ch\/?product=slimline-ii-universal-halterung-fuer-accessoires-von-front-runner","title":{"rendered":"Slimline II Universal-Halterung f\u00fcr Accessoires &#8211; von Front Runner"},"content":{"rendered":"<p>Inhalt:1 x Set von 3 Halterungen mit vorgestanzten Montagel\u00f6chernInklusive Unterlegscheiben, Schrauben und MutternMaterial:schwarz pulverbeschichteter 3CR12 korrosionsbest\u00e4ndiger StahlProduktma\u00dfe:115 mm (L) x 90 mm (B) x 55 mm (H)Gewicht:0,66 kg<\/p>\n","protected":false},"excerpt":{"rendered":"<p>Die Universal-Halterungen passen an jede Seite des Front Runner Slimline II Dachtr\u00e4gers. Mit Hilfe der Halterungen kann Dein Dachtr\u00e4ger mit 55+ Accessoires ausgestattet werden. Es ist kein Bohren erforderlich.<\/p>\n","protected":false},"featured_media":2676,"comment_status":"open","ping_status":"closed","template":"","meta":[],"product_cat":[15,19],"product_tag":[],"_links":{"self":[{"href":"https:\/\/shop.garagestyger.ch\/index.php?rest_route=\/wp\/v2\/product\/2045"}],"collection":[{"href":"https:\/\/shop.garagestyger.ch\/index.php?rest_route=\/wp\/v2\/product"}],"about":[{"href":"https:\/\/shop.garagestyger.ch\/index.php?rest_route=\/wp\/v2\/types\/product"}],"replies":[{"embeddable":true,"href":"https:\/\/shop.garagestyger.ch\/index.php?rest_route=%2Fwp%2Fv2%2Fcomments&post=2045"}],"wp:featuredmedia":[{"embeddable":true,"href":"https:\/\/shop.garagestyger.ch\/index.php?rest_route=\/wp\/v2\/media\/2676"}],"wp:attachment":[{"href":"https:\/\/shop.garagestyger.ch\/index.php?rest_route=%2Fwp%2Fv2%2Fmedia&parent=2045"}],"wp:term":[{"taxonomy":"product_cat","embeddable":true,"href":"https:\/\/shop.garagestyger.ch\/index.php?rest_route=%2Fwp%2Fv2%2Fproduct_cat&post=2045"},{"taxonomy":"product_tag","embeddable":true,"href":"https:\/\/shop.garagestyger.ch\/index.php?rest_route=%2Fwp%2Fv2%2Fproduct_tag&post=2045"}],"curies":[{"name":"wp","href":"https:\/\/api.w.org\/{rel}","templated":true}]}}