{"id":2043,"date":"2021-08-27T12:20:23","date_gmt":"2021-08-27T12:20:23","guid":{"rendered":"https:\/\/shop.garagestyger.ch\/produkt\/duscharm-mit-halterung-von-front-runner\/"},"modified":"2022-06-28T14:11:15","modified_gmt":"2022-06-28T14:11:15","slug":"duscharm-mit-halterung-von-front-runner","status":"publish","type":"product","link":"https:\/\/shop.garagestyger.ch\/?product=duscharm-mit-halterung-von-front-runner","title":{"rendered":"Duscharm mit Halterung &#8211; von Front Runner"},"content":{"rendered":"<p>Inhalt:1 x Dachtr\u00e4gerbefestigung1 x Abnehmbarer DuscharmMaterial:2,5 mm schwarz pulverbeschichteter korrosionsbest\u00e4ndiger StahlProduktma\u00dfe:530 mm (L) x 120 mm (B) x 90 mm (H)Gewicht:2 kgMaximales Tragegewicht:25 kg<\/p>\n","protected":false},"excerpt":{"rendered":"<p>Dieser Duscharm wird am \u00e4u\u00dferen Rand des Front Runner Dachtr\u00e4gers in die T-Nut montiert. Er eignet sich perfekt f\u00fcr eine Solar Dusche oder einen Duschkopf.<\/p>\n","protected":false},"featured_media":2667,"comment_status":"open","ping_status":"closed","template":"","meta":[],"product_cat":[404,844,15,19,30,400],"product_tag":[],"_links":{"self":[{"href":"https:\/\/shop.garagestyger.ch\/index.php?rest_route=\/wp\/v2\/product\/2043"}],"collection":[{"href":"https:\/\/shop.garagestyger.ch\/index.php?rest_route=\/wp\/v2\/product"}],"about":[{"href":"https:\/\/shop.garagestyger.ch\/index.php?rest_route=\/wp\/v2\/types\/product"}],"replies":[{"embeddable":true,"href":"https:\/\/shop.garagestyger.ch\/index.php?rest_route=%2Fwp%2Fv2%2Fcomments&post=2043"}],"wp:featuredmedia":[{"embeddable":true,"href":"https:\/\/shop.garagestyger.ch\/index.php?rest_route=\/wp\/v2\/media\/2667"}],"wp:attachment":[{"href":"https:\/\/shop.garagestyger.ch\/index.php?rest_route=%2Fwp%2Fv2%2Fmedia&parent=2043"}],"wp:term":[{"taxonomy":"product_cat","embeddable":true,"href":"https:\/\/shop.garagestyger.ch\/index.php?rest_route=%2Fwp%2Fv2%2Fproduct_cat&post=2043"},{"taxonomy":"product_tag","embeddable":true,"href":"https:\/\/shop.garagestyger.ch\/index.php?rest_route=%2Fwp%2Fv2%2Fproduct_tag&post=2043"}],"curies":[{"name":"wp","href":"https:\/\/api.w.org\/{rel}","templated":true}]}}