{"id":2024,"date":"2021-08-27T12:20:20","date_gmt":"2021-08-27T12:20:20","guid":{"rendered":"https:\/\/shop.garagestyger.ch\/produkt\/bergungsboards-schwarz-von-maxtrax\/"},"modified":"2022-09-06T06:59:12","modified_gmt":"2022-09-06T06:59:12","slug":"bergungsboards-schwarz-von-maxtrax","status":"publish","type":"product","link":"https:\/\/shop.garagestyger.ch\/?product=bergungsboards-schwarz-von-maxtrax","title":{"rendered":"Bergungsboards schwarz &#8211; von MAXTRAX"},"content":{"rendered":"<p>Inhalt:1 x Paar MAXTRAX MKII Bergungsvorrichtungen2 x LeinenMaterial:UV-stabilisiertes, flexibles, robustes Technikgrad verst\u00e4rktes NylonProduktma\u00dfe:1150 mm (L) x 330 mm (B) x 85 mm (H) (Pro 2 St\u00fcck gestapelt)Gewicht:3,4kg6,8kg (Paar)Produkt Farbe:Schwarz<\/p>\n","protected":false},"excerpt":{"rendered":"<p>Diese leichten und robustenMAXTRAX MKII Bergungsboards nutzen integrierte Stollen, um in das Reifenprofil und den Untergrund zu greifen und Traktion in Sand, Matsch und Schnee zu schaffen.<\/p>\n","protected":false},"featured_media":2639,"comment_status":"open","ping_status":"closed","template":"","meta":[],"product_cat":[15,19],"product_tag":[],"_links":{"self":[{"href":"https:\/\/shop.garagestyger.ch\/index.php?rest_route=\/wp\/v2\/product\/2024"}],"collection":[{"href":"https:\/\/shop.garagestyger.ch\/index.php?rest_route=\/wp\/v2\/product"}],"about":[{"href":"https:\/\/shop.garagestyger.ch\/index.php?rest_route=\/wp\/v2\/types\/product"}],"replies":[{"embeddable":true,"href":"https:\/\/shop.garagestyger.ch\/index.php?rest_route=%2Fwp%2Fv2%2Fcomments&post=2024"}],"wp:featuredmedia":[{"embeddable":true,"href":"https:\/\/shop.garagestyger.ch\/index.php?rest_route=\/wp\/v2\/media\/2639"}],"wp:attachment":[{"href":"https:\/\/shop.garagestyger.ch\/index.php?rest_route=%2Fwp%2Fv2%2Fmedia&parent=2024"}],"wp:term":[{"taxonomy":"product_cat","embeddable":true,"href":"https:\/\/shop.garagestyger.ch\/index.php?rest_route=%2Fwp%2Fv2%2Fproduct_cat&post=2024"},{"taxonomy":"product_tag","embeddable":true,"href":"https:\/\/shop.garagestyger.ch\/index.php?rest_route=%2Fwp%2Fv2%2Fproduct_tag&post=2024"}],"curies":[{"name":"wp","href":"https:\/\/api.w.org\/{rel}","templated":true}]}}