{"id":2022,"date":"2021-08-27T12:20:20","date_gmt":"2021-08-27T12:20:20","guid":{"rendered":"https:\/\/shop.garagestyger.ch\/produkt\/bergungsboards-orange-von-maxtrax\/"},"modified":"2022-06-07T05:17:33","modified_gmt":"2022-06-07T05:17:33","slug":"bergungsboards-orange-von-maxtrax","status":"publish","type":"product","link":"https:\/\/shop.garagestyger.ch\/?product=bergungsboards-orange-von-maxtrax","title":{"rendered":"Bergungsboards orange &#8211; von MAXTRAX"},"content":{"rendered":"<p>INHALT:1 x Paar MAXTRAXMKII Bergungsvorrichtungen2 x LeinenMATERIAL:UV-stabilisiertes, flexibles, robustes Technikgrad verst\u00e4rktes NylonPRODUKTMA\u00dfE:1150 mm (L) x 330 mm (B) x 85 mm (H) (Pro 2 St\u00fcck gestapelt)GEWICHT:3,4 kg6,8 kg (Paar)FARBE:Orange<\/p>\n","protected":false},"excerpt":{"rendered":"<p>Diese leichten und robusten MAXTRAX MKII Bergungsboards nutzen integrierte Stollen, um in das Reifenprofil und den Untergrund zu greifen und Traktion in Sand, Matsch und Schnee zu schaffen.<\/p>\n","protected":false},"featured_media":2021,"comment_status":"open","ping_status":"closed","template":"","meta":[],"product_cat":[15,19],"product_tag":[],"_links":{"self":[{"href":"https:\/\/shop.garagestyger.ch\/index.php?rest_route=\/wp\/v2\/product\/2022"}],"collection":[{"href":"https:\/\/shop.garagestyger.ch\/index.php?rest_route=\/wp\/v2\/product"}],"about":[{"href":"https:\/\/shop.garagestyger.ch\/index.php?rest_route=\/wp\/v2\/types\/product"}],"replies":[{"embeddable":true,"href":"https:\/\/shop.garagestyger.ch\/index.php?rest_route=%2Fwp%2Fv2%2Fcomments&post=2022"}],"wp:featuredmedia":[{"embeddable":true,"href":"https:\/\/shop.garagestyger.ch\/index.php?rest_route=\/wp\/v2\/media\/2021"}],"wp:attachment":[{"href":"https:\/\/shop.garagestyger.ch\/index.php?rest_route=%2Fwp%2Fv2%2Fmedia&parent=2022"}],"wp:term":[{"taxonomy":"product_cat","embeddable":true,"href":"https:\/\/shop.garagestyger.ch\/index.php?rest_route=%2Fwp%2Fv2%2Fproduct_cat&post=2022"},{"taxonomy":"product_tag","embeddable":true,"href":"https:\/\/shop.garagestyger.ch\/index.php?rest_route=%2Fwp%2Fv2%2Fproduct_tag&post=2022"}],"curies":[{"name":"wp","href":"https:\/\/api.w.org\/{rel}","templated":true}]}}