{"id":1980,"date":"2021-08-27T12:20:14","date_gmt":"2021-08-27T12:20:14","guid":{"rendered":"https:\/\/shop.garagestyger.ch\/produkt\/led-lichtstreifen-120-m-von-front-runner\/"},"modified":"2022-03-01T16:21:05","modified_gmt":"2022-03-01T16:21:05","slug":"led-lichtstreifen-120-m-von-front-runner","status":"publish","type":"product","link":"https:\/\/shop.garagestyger.ch\/?product=led-lichtstreifen-120-m-von-front-runner","title":{"rendered":"LED Lichtstreifen \/ 1,20 m &#8211; von Front Runner"},"content":{"rendered":"<p>Inhalt:1 x LED Lichtstreifen1 x Dimmer3 x Schlaufen mit Karabineranbringung1 x 5 Meter Kabel mit USB-Stecker und wasserfesten Anschl\u00fcssen1 x TascheMaterial:SMD5730 LEDsNylon\/PVC TascheProduktma\u00dfe:LED Streifen: 1200 mm (L)Kabel: 5.5 m (L)Gewicht:400 gHinweis:Betriebsspannung:: 5v DCLeistung: 10 WLED Chip: SMD2835Lichttemperatur: 2700 &#8211; 3000k<\/p>\n","protected":false},"excerpt":{"rendered":"<p>Erleuchte Dein n\u00e4chstes Abenteuer mit diesem ultraflexiblen, vielseitigen 1,20 m LED Lichtstreifen. Das nat\u00fcrlich wei\u00dfe Licht l\u00e4sst sich je nach erforderlicher Intensit\u00e4t und Stimmung dimmen und durch Karabiner und Schlaufen fast \u00fcberall einfach befestigen.<\/p>\n","protected":false},"featured_media":2740,"comment_status":"open","ping_status":"closed","template":"","meta":[],"product_cat":[15,19],"product_tag":[],"_links":{"self":[{"href":"https:\/\/shop.garagestyger.ch\/index.php?rest_route=\/wp\/v2\/product\/1980"}],"collection":[{"href":"https:\/\/shop.garagestyger.ch\/index.php?rest_route=\/wp\/v2\/product"}],"about":[{"href":"https:\/\/shop.garagestyger.ch\/index.php?rest_route=\/wp\/v2\/types\/product"}],"replies":[{"embeddable":true,"href":"https:\/\/shop.garagestyger.ch\/index.php?rest_route=%2Fwp%2Fv2%2Fcomments&post=1980"}],"wp:featuredmedia":[{"embeddable":true,"href":"https:\/\/shop.garagestyger.ch\/index.php?rest_route=\/wp\/v2\/media\/2740"}],"wp:attachment":[{"href":"https:\/\/shop.garagestyger.ch\/index.php?rest_route=%2Fwp%2Fv2%2Fmedia&parent=1980"}],"wp:term":[{"taxonomy":"product_cat","embeddable":true,"href":"https:\/\/shop.garagestyger.ch\/index.php?rest_route=%2Fwp%2Fv2%2Fproduct_cat&post=1980"},{"taxonomy":"product_tag","embeddable":true,"href":"https:\/\/shop.garagestyger.ch\/index.php?rest_route=%2Fwp%2Fv2%2Fproduct_tag&post=1980"}],"curies":[{"name":"wp","href":"https:\/\/api.w.org\/{rel}","templated":true}]}}