{"id":1880,"date":"2021-08-27T12:20:00","date_gmt":"2021-08-27T12:20:00","guid":{"rendered":"https:\/\/shop.garagestyger.ch\/produkt\/quertraeger-kit-fuer-toyota-prado-95-dachrinnenbefestigung-von-front-runner\/"},"modified":"2022-03-01T14:28:21","modified_gmt":"2022-03-01T14:28:21","slug":"quertraeger-kit-fuer-toyota-prado-95-dachrinnenbefestigung-von-front-runner","status":"publish","type":"product","link":"https:\/\/shop.garagestyger.ch\/?product=quertraeger-kit-fuer-toyota-prado-95-dachrinnenbefestigung-von-front-runner","title":{"rendered":"Quertr\u00e4ger Kit f\u00fcr Toyota Prado 95 \/ Dachrinnenbefestigung &#8211; von Front Runner"},"content":{"rendered":"<p>Inhalt:2 x LASS104 &#8211; Regenrinnenbefestigungsf\u00fc\u00dfe (Paar) \/ Nr. 4 \/ 170 mm1 x LBSK015 &#8211; Quertr\u00e4ger 1345 mm (Paar)1 x WDLB001 &#8211; Windabweiser \/ 10 mmMaterial:schwarz pulverbeschichtetes T6 Aluminium3CR12 kossosionsbest\u00e4ndiger StahlGewicht nach Installation:ca. 7 kgDie T-Nut auf der Ober- und Unterseiten der Leisten der Tr\u00e4gerplattform und Seitenprofile ist f\u00fcr Standard-8mm-Schrauben geeignet.Um die ungef\u00e4hre H\u00f6he vom Fahrzeugdach plus Slimline II Dachtr\u00e4ger zu ermitteln, addiere die H\u00f6he der Slimline II Plattform (50 mm) zur H\u00f6he der F\u00fc\u00dfe, der Grab-On F\u00fc\u00dfe oder Strap-On F\u00fc\u00dfe.Wenn Dein Slimline II Dachtr\u00e4ger Kit \u00fcber Beine verf\u00fcgt, addiere die die H\u00f6he der Slimline II Plattform (50 mm) zur H\u00f6he der Beine, um die H\u00f6he des Tr\u00e4gers ab der Regenrinnen Deines Fahrzeuges zu bestimmen.Wenn Dein Slimline II Dachtr\u00e4ger-Kit eine Fu\u00dfreling beinhaltet, addiere die H\u00f6he der Slimline II Plattform (50 mm) zur H\u00f6he der Fu\u00dfreling des Tr\u00e4gers, um somit die H\u00f6he des Fahrzeugs zu bestimmen.Versandma\u00dfe:L\u00e4nge: 1448 mmBreite: 120 mmH\u00f6he: 175 mmVersandgewicht:8,6 kg<\/p>\n","protected":false},"excerpt":{"rendered":"<p>Dieses Front Runner Quertr\u00e4ger Kit wird in den Regenrinnen Deines Fahrzeugs befestigt und \u200beignet sich ideal daf\u00fcr, wenn Du nach einer stabilen, leichten und kompakten L\u00f6sung mit wenig Platzbedarf suchst, um Zubeh\u00f6r an Deinem Fahrzeug zu befestigen. Das Kit enth\u00e4lt 4 x 170 mm Dachrinnenbefestigungs-Beine, 2 x 1345 mm Quertr\u00e4ger, 1 x 10 mm Windabweiser, Montageanleitung sowie alle Komponenten, die f\u00fcr die Montage an Deinem Fahrzeug erforderlich sind.<\/p>\n","protected":false},"featured_media":2621,"comment_status":"open","ping_status":"closed","template":"","meta":[],"product_cat":[15,19],"product_tag":[],"_links":{"self":[{"href":"https:\/\/shop.garagestyger.ch\/index.php?rest_route=\/wp\/v2\/product\/1880"}],"collection":[{"href":"https:\/\/shop.garagestyger.ch\/index.php?rest_route=\/wp\/v2\/product"}],"about":[{"href":"https:\/\/shop.garagestyger.ch\/index.php?rest_route=\/wp\/v2\/types\/product"}],"replies":[{"embeddable":true,"href":"https:\/\/shop.garagestyger.ch\/index.php?rest_route=%2Fwp%2Fv2%2Fcomments&post=1880"}],"wp:featuredmedia":[{"embeddable":true,"href":"https:\/\/shop.garagestyger.ch\/index.php?rest_route=\/wp\/v2\/media\/2621"}],"wp:attachment":[{"href":"https:\/\/shop.garagestyger.ch\/index.php?rest_route=%2Fwp%2Fv2%2Fmedia&parent=1880"}],"wp:term":[{"taxonomy":"product_cat","embeddable":true,"href":"https:\/\/shop.garagestyger.ch\/index.php?rest_route=%2Fwp%2Fv2%2Fproduct_cat&post=1880"},{"taxonomy":"product_tag","embeddable":true,"href":"https:\/\/shop.garagestyger.ch\/index.php?rest_route=%2Fwp%2Fv2%2Fproduct_tag&post=1880"}],"curies":[{"name":"wp","href":"https:\/\/api.w.org\/{rel}","templated":true}]}}