{"id":1448,"date":"2021-08-27T12:18:55","date_gmt":"2021-08-27T12:18:55","guid":{"rendered":"https:\/\/shop.garagestyger.ch\/produkt\/camping-besteckset-von-front-runner\/"},"modified":"2022-09-06T12:53:58","modified_gmt":"2022-09-06T12:53:58","slug":"camping-besteckset-von-front-runner","status":"publish","type":"product","link":"https:\/\/shop.garagestyger.ch\/?product=camping-besteckset-von-front-runner","title":{"rendered":"Camping Besteckset &#8211; von Front Runner"},"content":{"rendered":"<p>Hochwertiges Besteck- und K\u00fcchenutensilienset von Front Runner. Alles was zum Kochen und Essen ben\u00f6tigt wird, jetzt ganz einfach in Deinem Camp aufh\u00e4ngen und sicher wieder einrollen und verstauen. Nat\u00fcrlich ohne zu klappern.<\/p>\n<p>&nbsp;<\/p>\n<p>Der gesamte Inhalt passt in eine angefertigte zusammenrollbare Tragetasche mit verstellbaren Riemen, Verschl\u00fcssen und Tragegriffen. Zus\u00e4tzlich verf\u00fcgt die Tragetasche \u00fcber Schlaufen, die ein einfaches Aufh\u00e4ngen m\u00f6glich machen.<\/p>\n","protected":false},"excerpt":{"rendered":"<p>Hochwertiges Besteck- und K\u00fcchenutensilienset von Front Runner. Alles was zum Kochen und Essen ben\u00f6tigt wird, jetzt ganz einfach in Deinem Camp aufh\u00e4ngen und sicher wieder einrollen und verstauen. Nat\u00fcrlich ohne zu klappern.<\/p>\n","protected":false},"featured_media":205,"comment_status":"open","ping_status":"closed","template":"","meta":[],"product_cat":[15,19],"product_tag":[],"_links":{"self":[{"href":"https:\/\/shop.garagestyger.ch\/index.php?rest_route=\/wp\/v2\/product\/1448"}],"collection":[{"href":"https:\/\/shop.garagestyger.ch\/index.php?rest_route=\/wp\/v2\/product"}],"about":[{"href":"https:\/\/shop.garagestyger.ch\/index.php?rest_route=\/wp\/v2\/types\/product"}],"replies":[{"embeddable":true,"href":"https:\/\/shop.garagestyger.ch\/index.php?rest_route=%2Fwp%2Fv2%2Fcomments&post=1448"}],"wp:featuredmedia":[{"embeddable":true,"href":"https:\/\/shop.garagestyger.ch\/index.php?rest_route=\/wp\/v2\/media\/205"}],"wp:attachment":[{"href":"https:\/\/shop.garagestyger.ch\/index.php?rest_route=%2Fwp%2Fv2%2Fmedia&parent=1448"}],"wp:term":[{"taxonomy":"product_cat","embeddable":true,"href":"https:\/\/shop.garagestyger.ch\/index.php?rest_route=%2Fwp%2Fv2%2Fproduct_cat&post=1448"},{"taxonomy":"product_tag","embeddable":true,"href":"https:\/\/shop.garagestyger.ch\/index.php?rest_route=%2Fwp%2Fv2%2Fproduct_tag&post=1448"}],"curies":[{"name":"wp","href":"https:\/\/api.w.org\/{rel}","templated":true}]}}