{"id":1439,"date":"2021-08-27T12:18:54","date_gmt":"2021-08-27T12:18:54","guid":{"rendered":"https:\/\/shop.garagestyger.ch\/produkt\/doppel-reservekanister-halterung-von-front-runner\/"},"modified":"2022-03-01T14:25:09","modified_gmt":"2022-03-01T14:25:09","slug":"doppel-reservekanister-halterung-von-front-runner","status":"publish","type":"product","link":"https:\/\/shop.garagestyger.ch\/?product=doppel-reservekanister-halterung-von-front-runner","title":{"rendered":"Doppel-Reservekanister-Halterung &#8211; von Front Runner"},"content":{"rendered":"<p>Inhalt:1 x Doppel-Reservekanister-Halterung Basisplatte1 x Doppel-B\u00fcgel2 x Verschl\u00fcsseInstallationszubeh\u00f6rMontageanleitungMaterial:Schwarz pulverbeschichteter 3CR12 korrosionsbest\u00e4ndiger StahlProduktma\u00dfe:513 mm (L) x 333 mm (B) x 371 mm (H)Gewicht:4,3 kg<\/p>\n","protected":false},"excerpt":{"rendered":"<p>Diese Front Runner Reservekanister-Halterung bietet eine intelligente und klapperfreie L\u00f6sung, um auch in schwierigstem Gel\u00e4nde und auf jedem Deiner Abenteuer ausreichend Kraftstoff dabei zu haben.<\/p>\n","protected":false},"featured_media":2616,"comment_status":"open","ping_status":"closed","template":"","meta":[],"product_cat":[15,19],"product_tag":[],"_links":{"self":[{"href":"https:\/\/shop.garagestyger.ch\/index.php?rest_route=\/wp\/v2\/product\/1439"}],"collection":[{"href":"https:\/\/shop.garagestyger.ch\/index.php?rest_route=\/wp\/v2\/product"}],"about":[{"href":"https:\/\/shop.garagestyger.ch\/index.php?rest_route=\/wp\/v2\/types\/product"}],"replies":[{"embeddable":true,"href":"https:\/\/shop.garagestyger.ch\/index.php?rest_route=%2Fwp%2Fv2%2Fcomments&post=1439"}],"wp:featuredmedia":[{"embeddable":true,"href":"https:\/\/shop.garagestyger.ch\/index.php?rest_route=\/wp\/v2\/media\/2616"}],"wp:attachment":[{"href":"https:\/\/shop.garagestyger.ch\/index.php?rest_route=%2Fwp%2Fv2%2Fmedia&parent=1439"}],"wp:term":[{"taxonomy":"product_cat","embeddable":true,"href":"https:\/\/shop.garagestyger.ch\/index.php?rest_route=%2Fwp%2Fv2%2Fproduct_cat&post=1439"},{"taxonomy":"product_tag","embeddable":true,"href":"https:\/\/shop.garagestyger.ch\/index.php?rest_route=%2Fwp%2Fv2%2Fproduct_tag&post=1439"}],"curies":[{"name":"wp","href":"https:\/\/api.w.org\/{rel}","templated":true}]}}