{"id":1438,"date":"2021-08-27T12:18:54","date_gmt":"2021-08-27T12:18:54","guid":{"rendered":"https:\/\/shop.garagestyger.ch\/produkt\/einzel-reservekanister-halterung-von-front-runner\/"},"modified":"2022-09-06T06:59:12","modified_gmt":"2022-09-06T06:59:12","slug":"einzel-reservekanister-halterung-von-front-runner","status":"publish","type":"product","link":"https:\/\/shop.garagestyger.ch\/?product=einzel-reservekanister-halterung-von-front-runner","title":{"rendered":"Einzel-Reservekanister-Halterung &#8211; von Front Runner"},"content":{"rendered":"<p>Inhalt:1 x Stahlb\u00fcgel1 x Basisplatte1 x VerschlussMaterial:Schwarz pulverbeschichteter 3CR12 korrosionsbest\u00e4ndiger StahlProduktma\u00dfe:513 mm (L) x 165 mm (B) x 370 mm (H)Gewicht:2,4 Kg<\/p>\n","protected":false},"excerpt":{"rendered":"<p>Diese Halterung f\u00fcr einen Reservekanister, erm\u00f6glicht den Transport von Kraftstoff auf jedes Abenteuer.<\/p>\n","protected":false},"featured_media":2609,"comment_status":"open","ping_status":"closed","template":"","meta":[],"product_cat":[15,19],"product_tag":[],"_links":{"self":[{"href":"https:\/\/shop.garagestyger.ch\/index.php?rest_route=\/wp\/v2\/product\/1438"}],"collection":[{"href":"https:\/\/shop.garagestyger.ch\/index.php?rest_route=\/wp\/v2\/product"}],"about":[{"href":"https:\/\/shop.garagestyger.ch\/index.php?rest_route=\/wp\/v2\/types\/product"}],"replies":[{"embeddable":true,"href":"https:\/\/shop.garagestyger.ch\/index.php?rest_route=%2Fwp%2Fv2%2Fcomments&post=1438"}],"wp:featuredmedia":[{"embeddable":true,"href":"https:\/\/shop.garagestyger.ch\/index.php?rest_route=\/wp\/v2\/media\/2609"}],"wp:attachment":[{"href":"https:\/\/shop.garagestyger.ch\/index.php?rest_route=%2Fwp%2Fv2%2Fmedia&parent=1438"}],"wp:term":[{"taxonomy":"product_cat","embeddable":true,"href":"https:\/\/shop.garagestyger.ch\/index.php?rest_route=%2Fwp%2Fv2%2Fproduct_cat&post=1438"},{"taxonomy":"product_tag","embeddable":true,"href":"https:\/\/shop.garagestyger.ch\/index.php?rest_route=%2Fwp%2Fv2%2Fproduct_tag&post=1438"}],"curies":[{"name":"wp","href":"https:\/\/api.w.org\/{rel}","templated":true}]}}