{"id":1431,"date":"2021-08-27T12:18:53","date_gmt":"2021-08-27T12:18:53","guid":{"rendered":"https:\/\/shop.garagestyger.ch\/produkt\/hi-lift-wagenheber-halterung-von-front-runner\/"},"modified":"2022-09-06T06:59:12","modified_gmt":"2022-09-06T06:59:12","slug":"hi-lift-wagenheber-halterung-von-front-runner","status":"publish","type":"product","link":"https:\/\/shop.garagestyger.ch\/?product=hi-lift-wagenheber-halterung-von-front-runner","title":{"rendered":"Hi-Lift Wagenheber-Halterung &#8211; von Front Runner"},"content":{"rendered":"<p>Inhalt:1 x Griff-Halterung1 x BasisplatteMaterial:Schwarz pulverbeschichteter 3CR12 korrosionsbest\u00e4ndiger StahlGewicht:2,1 kg<\/p>\n","protected":false},"excerpt":{"rendered":"<p>Diese zweiteilige abschlie\u00dfbare Halterung wird an der Seite des Slimline II Dachtr\u00e4ger angebracht. Passend f\u00fcr nahezu alle Wagenheber Modelle.<\/p>\n","protected":false},"featured_media":0,"comment_status":"open","ping_status":"closed","template":"","meta":[],"product_cat":[15],"product_tag":[],"_links":{"self":[{"href":"https:\/\/shop.garagestyger.ch\/index.php?rest_route=\/wp\/v2\/product\/1431"}],"collection":[{"href":"https:\/\/shop.garagestyger.ch\/index.php?rest_route=\/wp\/v2\/product"}],"about":[{"href":"https:\/\/shop.garagestyger.ch\/index.php?rest_route=\/wp\/v2\/types\/product"}],"replies":[{"embeddable":true,"href":"https:\/\/shop.garagestyger.ch\/index.php?rest_route=%2Fwp%2Fv2%2Fcomments&post=1431"}],"wp:attachment":[{"href":"https:\/\/shop.garagestyger.ch\/index.php?rest_route=%2Fwp%2Fv2%2Fmedia&parent=1431"}],"wp:term":[{"taxonomy":"product_cat","embeddable":true,"href":"https:\/\/shop.garagestyger.ch\/index.php?rest_route=%2Fwp%2Fv2%2Fproduct_cat&post=1431"},{"taxonomy":"product_tag","embeddable":true,"href":"https:\/\/shop.garagestyger.ch\/index.php?rest_route=%2Fwp%2Fv2%2Fproduct_tag&post=1431"}],"curies":[{"name":"wp","href":"https:\/\/api.w.org\/{rel}","templated":true}]}}