{"id":1391,"date":"2021-08-27T12:18:47","date_gmt":"2021-08-27T12:18:47","guid":{"rendered":"https:\/\/shop.garagestyger.ch\/produkt\/expander-campingstuhl-transporttasche-1-stuhl-von-front-runner\/"},"modified":"2022-03-01T10:45:12","modified_gmt":"2022-03-01T10:45:12","slug":"expander-campingstuhl-transporttasche-1-stuhl-von-front-runner","status":"publish","type":"product","link":"https:\/\/shop.garagestyger.ch\/?product=expander-campingstuhl-transporttasche-1-stuhl-von-front-runner","title":{"rendered":"Expander Campingstuhl Transporttasche \/ 1 Stuhl &#8211; von Front Runner"},"content":{"rendered":"<p>Produktma\u00dfe:431 mm x 483 mm x 51 mm Gewicht:0,39 kg<\/p>\n","protected":false},"excerpt":{"rendered":"<p>Sch\u00fctze Deinen Front Runner Expander Campingstuhl vor Besch\u00e4digungen, Umwelteinfl\u00fcssen und st\u00f6rendem Klappern im Fahrzeug. Diese gepolsterte Heavy Duty Schutzh\u00fclle bietet Platz f\u00fcr einen (1) Expander Campingstuhl.<\/p>\n","protected":false},"featured_media":2585,"comment_status":"open","ping_status":"closed","template":"","meta":[],"product_cat":[732,15,19,30],"product_tag":[],"_links":{"self":[{"href":"https:\/\/shop.garagestyger.ch\/index.php?rest_route=\/wp\/v2\/product\/1391"}],"collection":[{"href":"https:\/\/shop.garagestyger.ch\/index.php?rest_route=\/wp\/v2\/product"}],"about":[{"href":"https:\/\/shop.garagestyger.ch\/index.php?rest_route=\/wp\/v2\/types\/product"}],"replies":[{"embeddable":true,"href":"https:\/\/shop.garagestyger.ch\/index.php?rest_route=%2Fwp%2Fv2%2Fcomments&post=1391"}],"wp:featuredmedia":[{"embeddable":true,"href":"https:\/\/shop.garagestyger.ch\/index.php?rest_route=\/wp\/v2\/media\/2585"}],"wp:attachment":[{"href":"https:\/\/shop.garagestyger.ch\/index.php?rest_route=%2Fwp%2Fv2%2Fmedia&parent=1391"}],"wp:term":[{"taxonomy":"product_cat","embeddable":true,"href":"https:\/\/shop.garagestyger.ch\/index.php?rest_route=%2Fwp%2Fv2%2Fproduct_cat&post=1391"},{"taxonomy":"product_tag","embeddable":true,"href":"https:\/\/shop.garagestyger.ch\/index.php?rest_route=%2Fwp%2Fv2%2Fproduct_tag&post=1391"}],"curies":[{"name":"wp","href":"https:\/\/api.w.org\/{rel}","templated":true}]}}