{"id":1315,"date":"2021-08-27T10:06:15","date_gmt":"2021-08-27T10:06:15","guid":{"rendered":"https:\/\/shop.garagestyger.ch\/?post_type=product&#038;p=1315"},"modified":"2021-08-30T12:20:33","modified_gmt":"2021-08-30T12:20:33","slug":"rival-seilwindenstossstange-toyota-landcruiser-150","status":"publish","type":"product","link":"https:\/\/shop.garagestyger.ch\/?product=rival-seilwindenstossstange-toyota-landcruiser-150","title":{"rendered":"RIVAL Seilwindenstossstange Toyota Landcruiser 150"},"content":{"rendered":"<p>Lieferumfang:<\/p>\n<ul>\n<li>Montageanleitung<\/li>\n<li>Montagekit<\/li>\n<li>Windensto\u00dfstange<\/li>\n<\/ul>\n<p>Wenn du die Stossstange ohne DTC bestellst, gibt es f\u00fcr die Sto\u00dfstange kein Teilegutachten und somit erlischt die Betriebserlaubnis des Fahrzeuges, wenn die Sto\u00dfstange an das Fahrzeug montiert wird. (nur f\u00fcr EXPORT geeignet!!)<\/p>\n<p>Material:<\/p>\n<ul>\n<li>Windensto\u00dfstange: 6mm Aluminium<\/li>\n<li>Windenplatte: 5mm Stahl<\/li>\n<\/ul>\n<p>Wenn Sie die Stossstange im Strassenverkehr einsetzen wollen, muss Sie von uns umgebaut werden, damit wir Ihnen das DTC ausstellen k\u00f6nnen.<\/p>\n<p>F\u00fcr einen Aufpreis von 900.- bauen wir dir die Stossstange so um, das wir dir ein DTC ausstellen k\u00f6nnen.<br \/>\nDazu m\u00fcssen wir teile der Stossstange und des Winden Tr\u00e4gers ab\u00e4ndern.<\/p>\n<p>Nun kannst du entscheiden, ob wir dir die Stosstange so Liefern, oder Sie Sandstrahlen und Pulverbeschichten, oder sogar in Wagenfarbe Lackieren.<\/p>\n","protected":false},"excerpt":{"rendered":"<div id=\"bgLayers_comp-jly7c5u4__item1\" class=\"_3wnIc\" data-hook=\"bgLayers\">\n<div id=\"bgMedia_comp-jly7c5u4__item1\" class=\"_2GUhU\"><\/div>\n<\/div>\n<div class=\"\" data-mesh-id=\"comp-jly7c5u4__item1inlineContent\" data-testid=\"inline-content\">\n<div data-mesh-id=\"comp-jly7c5u4__item1inlineContent-gridContainer\" data-testid=\"mesh-container-content\">\n<div id=\"comp-jly7c5ur__item1\" class=\"XUUsC\" title=\"\">\n<div class=\"xQ_iF\" data-testid=\"linkElement\">Aluminiumsto\u00dfstangen von RIVAL bieten Festigkeit und Schutz f\u00fcr ein unvergleichliches Offroadgef\u00fchl.\u00a0Die Sto\u00dfstangen bieten Montagem\u00f6glichkeiten f\u00fcr verschiedene LED-Nebelscheinwerfer \/ Fernlichtscheinwerfer, integrierte\u00a0Abschlepp\u00f6sen\u00a0und Winde, so dass diese Zubeh\u00f6rartikel entsprechend den Anforderungen voll zur Geltung kommen. Die Stossstangen k\u00f6nnen mit Unterfahrschutzplatten von\u00a0RIVAL nahtlos erg\u00e4nzt werden. Eine einfache Montage ist gew\u00e4hrleistet.<\/div>\n<\/div>\n<\/div>\n<\/div>\n","protected":false},"featured_media":1321,"comment_status":"open","ping_status":"closed","template":"","meta":[],"product_cat":[735,404,446,734,15],"product_tag":[425,448,447],"_links":{"self":[{"href":"https:\/\/shop.garagestyger.ch\/index.php?rest_route=\/wp\/v2\/product\/1315"}],"collection":[{"href":"https:\/\/shop.garagestyger.ch\/index.php?rest_route=\/wp\/v2\/product"}],"about":[{"href":"https:\/\/shop.garagestyger.ch\/index.php?rest_route=\/wp\/v2\/types\/product"}],"replies":[{"embeddable":true,"href":"https:\/\/shop.garagestyger.ch\/index.php?rest_route=%2Fwp%2Fv2%2Fcomments&post=1315"}],"wp:featuredmedia":[{"embeddable":true,"href":"https:\/\/shop.garagestyger.ch\/index.php?rest_route=\/wp\/v2\/media\/1321"}],"wp:attachment":[{"href":"https:\/\/shop.garagestyger.ch\/index.php?rest_route=%2Fwp%2Fv2%2Fmedia&parent=1315"}],"wp:term":[{"taxonomy":"product_cat","embeddable":true,"href":"https:\/\/shop.garagestyger.ch\/index.php?rest_route=%2Fwp%2Fv2%2Fproduct_cat&post=1315"},{"taxonomy":"product_tag","embeddable":true,"href":"https:\/\/shop.garagestyger.ch\/index.php?rest_route=%2Fwp%2Fv2%2Fproduct_tag&post=1315"}],"curies":[{"name":"wp","href":"https:\/\/api.w.org\/{rel}","templated":true}]}}