{"id":1274,"date":"2021-07-20T13:12:54","date_gmt":"2021-07-20T13:12:54","guid":{"rendered":"https:\/\/shop.garagestyger.ch\/?post_type=product&#038;p=1274"},"modified":"2024-01-04T05:46:42","modified_gmt":"2024-01-04T05:46:42","slug":"handkettensaege-horntools","status":"publish","type":"product","link":"https:\/\/shop.garagestyger.ch\/?product=handkettensaege-horntools","title":{"rendered":"Handkettens\u00e4ge horntools"},"content":{"rendered":"<div><strong>Hand Kettens\u00e4ge<\/strong><\/div>\n<div>\nEin unverzichtbarer Helfer, wenn du in die Natur raus gehst, ist die Hand Kettens\u00e4ge von horntools.<br \/>\nDie extrem scharfe S\u00e4gekette mit einer L\u00e4nge von 45 cm s\u00e4gt sich m\u00fchelos durch das Holz.<br \/>\nDank den zwei Schlaufen liegt sich zudem ideal in der Hand und ist einfach zu bedienen.<br \/>\nF\u00fcr eine sichere Aufbewahrung wird die S\u00e4ge mit einer kleinen Tasche geliefert.<\/div>\n","protected":false},"excerpt":{"rendered":"<p>Hand Kettens\u00e4ge Ein unverzichtbarer Helfer, wenn du in die Natur raus gehst, ist die Hand Kettens\u00e4ge von horntools. Die extrem scharfe S\u00e4gekette mit einer L\u00e4nge von 45 cm s\u00e4gt sich m\u00fchelos durch das Holz. Dank den zwei Schlaufen liegt sich zudem ideal in der Hand und ist einfach zu bedienen. F\u00fcr eine sichere Aufbewahrung wird [&hellip;]<\/p>\n","protected":false},"featured_media":1275,"comment_status":"open","ping_status":"closed","template":"","meta":[],"product_cat":[426,404,15,399],"product_tag":[436,437,422,435],"_links":{"self":[{"href":"https:\/\/shop.garagestyger.ch\/index.php?rest_route=\/wp\/v2\/product\/1274"}],"collection":[{"href":"https:\/\/shop.garagestyger.ch\/index.php?rest_route=\/wp\/v2\/product"}],"about":[{"href":"https:\/\/shop.garagestyger.ch\/index.php?rest_route=\/wp\/v2\/types\/product"}],"replies":[{"embeddable":true,"href":"https:\/\/shop.garagestyger.ch\/index.php?rest_route=%2Fwp%2Fv2%2Fcomments&post=1274"}],"wp:featuredmedia":[{"embeddable":true,"href":"https:\/\/shop.garagestyger.ch\/index.php?rest_route=\/wp\/v2\/media\/1275"}],"wp:attachment":[{"href":"https:\/\/shop.garagestyger.ch\/index.php?rest_route=%2Fwp%2Fv2%2Fmedia&parent=1274"}],"wp:term":[{"taxonomy":"product_cat","embeddable":true,"href":"https:\/\/shop.garagestyger.ch\/index.php?rest_route=%2Fwp%2Fv2%2Fproduct_cat&post=1274"},{"taxonomy":"product_tag","embeddable":true,"href":"https:\/\/shop.garagestyger.ch\/index.php?rest_route=%2Fwp%2Fv2%2Fproduct_tag&post=1274"}],"curies":[{"name":"wp","href":"https:\/\/api.w.org\/{rel}","templated":true}]}}