{"id":1260,"date":"2021-07-20T13:02:58","date_gmt":"2021-07-20T13:02:58","guid":{"rendered":"https:\/\/shop.garagestyger.ch\/?post_type=product&#038;p=1260"},"modified":"2022-08-02T13:50:13","modified_gmt":"2022-08-02T13:50:13","slug":"seilwinden-zubehoerkit-mit-tasche-horntools","status":"publish","type":"product","link":"https:\/\/shop.garagestyger.ch\/?product=seilwinden-zubehoerkit-mit-tasche-horntools","title":{"rendered":"Seilwinden Zubeh\u00f6rkit mit Tasche horntools"},"content":{"rendered":"<p><strong>Seilwinden Zubeh\u00f6rkit inkl. Tasche<br \/>\n<\/strong><br \/>\nDieses extrem hochwertige Set von horntools ist ein Must-have f\u00fcr jeden Offroadenthusiast.<br \/>\nMit diesem Set bist du perfekt ausger\u00fcstet und es wurde speziell ausgelegt f\u00fcr Fahrzeuge<br \/>\nbis zu einem Eigengewicht von 2 Tonnen. Damit du es auch immer dabei hast, wird alles<br \/>\nin der praktischen horntools-Tasche geliefert. Somit ist alles immer an griffbereit an einem Ort.<\/p>\n","protected":false},"excerpt":{"rendered":"<p>Seilwinden Zubeh\u00f6rkit inkl. Tasche Dieses extrem hochwertige Set von horntools ist ein Must-have f\u00fcr jeden Offroadenthusiast. Mit diesem Set bist du perfekt ausger\u00fcstet und es wurde speziell ausgelegt f\u00fcr Fahrzeuge bis zu einem Eigengewicht von 2 Tonnen. Damit du es auch immer dabei hast, wird alles in der praktischen horntools-Tasche geliefert. Somit ist alles immer [&hellip;]<\/p>\n","protected":false},"featured_media":1261,"comment_status":"open","ping_status":"closed","template":"","meta":[],"product_cat":[426,404,15,399],"product_tag":[430,422,431,429],"_links":{"self":[{"href":"https:\/\/shop.garagestyger.ch\/index.php?rest_route=\/wp\/v2\/product\/1260"}],"collection":[{"href":"https:\/\/shop.garagestyger.ch\/index.php?rest_route=\/wp\/v2\/product"}],"about":[{"href":"https:\/\/shop.garagestyger.ch\/index.php?rest_route=\/wp\/v2\/types\/product"}],"replies":[{"embeddable":true,"href":"https:\/\/shop.garagestyger.ch\/index.php?rest_route=%2Fwp%2Fv2%2Fcomments&post=1260"}],"wp:featuredmedia":[{"embeddable":true,"href":"https:\/\/shop.garagestyger.ch\/index.php?rest_route=\/wp\/v2\/media\/1261"}],"wp:attachment":[{"href":"https:\/\/shop.garagestyger.ch\/index.php?rest_route=%2Fwp%2Fv2%2Fmedia&parent=1260"}],"wp:term":[{"taxonomy":"product_cat","embeddable":true,"href":"https:\/\/shop.garagestyger.ch\/index.php?rest_route=%2Fwp%2Fv2%2Fproduct_cat&post=1260"},{"taxonomy":"product_tag","embeddable":true,"href":"https:\/\/shop.garagestyger.ch\/index.php?rest_route=%2Fwp%2Fv2%2Fproduct_tag&post=1260"}],"curies":[{"name":"wp","href":"https:\/\/api.w.org\/{rel}","templated":true}]}}