{"id":1257,"date":"2021-07-20T12:59:04","date_gmt":"2021-07-20T12:59:04","guid":{"rendered":"https:\/\/shop.garagestyger.ch\/?post_type=product&#038;p=1257"},"modified":"2025-04-03T08:20:27","modified_gmt":"2025-04-03T08:20:27","slug":"softschaekel-12t-horntools","status":"publish","type":"product","link":"https:\/\/shop.garagestyger.ch\/?product=softschaekel-12t-horntools","title":{"rendered":"Softsch\u00e4kel 12t horntools"},"content":{"rendered":"<p><strong>Der hornrope Softsch\u00e4kel<\/strong><\/p>\n<div>Die Softsch\u00e4kel sind 10x leichter als ein vergleichbarer Stahlsch\u00e4kel, zerkratzen nichts, klappern nicht und<br \/>\nsind angenehm in der Handhabung. Durch die gelbe Signalfarbe ist der Sch\u00e4kel auch bei Dunkelheit gut erkennbar.<\/div>\n<p>&nbsp;<\/p>\n<div>Wird der Sch\u00e4kel voll beansprucht, kann er trotzdem sehr leicht durch die Zugleine wieder ge\u00f6ffnet werden.<\/div>\n<div>Damit auch eine lange Haltbarkeit garantiert ist, sch\u00fctzt der hitzefeste und extrem robuste Schutzschlauch<br \/>\nden Softsch\u00e4kel perfekt vor jeglicher Widrigkeit.<\/div>\n","protected":false},"excerpt":{"rendered":"<p>Der hornrope Softsch\u00e4kel Die Softsch\u00e4kel sind 10x leichter als ein vergleichbarer Stahlsch\u00e4kel, zerkratzen nichts, klappern nicht und sind angenehm in der Handhabung. Durch die gelbe Signalfarbe ist der Sch\u00e4kel auch bei Dunkelheit gut erkennbar. &nbsp; Wird der Sch\u00e4kel voll beansprucht, kann er trotzdem sehr leicht durch die Zugleine wieder ge\u00f6ffnet werden. Damit auch eine lange [&hellip;]<\/p>\n","protected":false},"featured_media":1258,"comment_status":"open","ping_status":"closed","template":"","meta":[],"product_cat":[426,404,15,399],"product_tag":[428,422,427],"_links":{"self":[{"href":"https:\/\/shop.garagestyger.ch\/index.php?rest_route=\/wp\/v2\/product\/1257"}],"collection":[{"href":"https:\/\/shop.garagestyger.ch\/index.php?rest_route=\/wp\/v2\/product"}],"about":[{"href":"https:\/\/shop.garagestyger.ch\/index.php?rest_route=\/wp\/v2\/types\/product"}],"replies":[{"embeddable":true,"href":"https:\/\/shop.garagestyger.ch\/index.php?rest_route=%2Fwp%2Fv2%2Fcomments&post=1257"}],"wp:featuredmedia":[{"embeddable":true,"href":"https:\/\/shop.garagestyger.ch\/index.php?rest_route=\/wp\/v2\/media\/1258"}],"wp:attachment":[{"href":"https:\/\/shop.garagestyger.ch\/index.php?rest_route=%2Fwp%2Fv2%2Fmedia&parent=1257"}],"wp:term":[{"taxonomy":"product_cat","embeddable":true,"href":"https:\/\/shop.garagestyger.ch\/index.php?rest_route=%2Fwp%2Fv2%2Fproduct_cat&post=1257"},{"taxonomy":"product_tag","embeddable":true,"href":"https:\/\/shop.garagestyger.ch\/index.php?rest_route=%2Fwp%2Fv2%2Fproduct_tag&post=1257"}],"curies":[{"name":"wp","href":"https:\/\/api.w.org\/{rel}","templated":true}]}}