{"id":1249,"date":"2021-07-15T13:47:20","date_gmt":"2021-07-15T13:47:20","guid":{"rendered":"https:\/\/shop.garagestyger.ch\/?post_type=product&#038;p=1249"},"modified":"2022-05-31T11:26:13","modified_gmt":"2022-05-31T11:26:13","slug":"outdoor-schaufel-horntools","status":"publish","type":"product","link":"https:\/\/shop.garagestyger.ch\/?product=outdoor-schaufel-horntools","title":{"rendered":"Outdoor Schaufel horntools"},"content":{"rendered":"<p><strong>Outdoor Schaufel Survivor<\/strong><\/p>\n<p>Ein Must-have f\u00fcr jeden, der nicht nur langweilig bei sch\u00f6nem Wetter auf asphaltierten Stra\u00dfen f\u00e4hrt.<br \/>\nDie Multifunktionsschaufel ist dein idealer Begleiter auf Abenteuern in allen Situationen. Die Schaufel<br \/>\ndient als Schaufel, Hacke, S\u00e4ge, Beil, Notfallpfeife und Feuerstahl. Dank des Klappmechanismus ist<br \/>\nsie zudem platzsparend.<\/p>\n<div>\n<p><strong>Besonderheiten:<\/strong><\/p>\n<p>Dank der robusten Bauweise h\u00e4lt die Schaufel einiges aus und liegt zudem sch\u00f6n in der Hand.<br \/>\nF\u00fcr ausreichend Grip sorgen geriffelte Griffstellen, die auf der gesamten L\u00e4nge verteilt sind.<\/p>\n<\/div>\n<p>&nbsp;<\/p>\n<div>Im Griff verstecken sich weitere Funktionen, die mit ein paar Umdrehungen herausgeschraubt werden k\u00f6nnen.<br \/>\nDies Gewinde sind jeweils mit einer Runddichtung abgedichtet und sch\u00fctzen so vor Wasser und Staub.Die robuste S\u00e4ge mit einer L\u00e4nge von 220 mm hat sehr raue Z\u00e4hne, liegt gut in der Hand und hat einen geriffelten Griff.<br \/>\nDer herausschraubbare Feuerstein mit hohem Magnesiumanteil ist 37 mm lang. Es kann also oft Feuer gemacht werden.<br \/>\nSolltest du einmal in eine Notlage geraten, kannst du mit der integrierten Hochfrequenz-Not-Pfeife um Hilfe rufen.<\/div>\n","protected":false},"excerpt":{"rendered":"<p>Outdoor Schaufel Survivor Ein Must-have f\u00fcr jeden, der nicht nur langweilig bei sch\u00f6nem Wetter auf asphaltierten Stra\u00dfen f\u00e4hrt. Die Multifunktionsschaufel ist dein idealer Begleiter auf Abenteuern in allen Situationen. Die Schaufel dient als Schaufel, Hacke, S\u00e4ge, Beil, Notfallpfeife und Feuerstahl. Dank des Klappmechanismus ist sie zudem platzsparend. Besonderheiten: Dank der robusten Bauweise h\u00e4lt die Schaufel [&hellip;]<\/p>\n","protected":false},"featured_media":1250,"comment_status":"open","ping_status":"closed","template":"","meta":[],"product_cat":[426,404,15],"product_tag":[424,422,425,423],"_links":{"self":[{"href":"https:\/\/shop.garagestyger.ch\/index.php?rest_route=\/wp\/v2\/product\/1249"}],"collection":[{"href":"https:\/\/shop.garagestyger.ch\/index.php?rest_route=\/wp\/v2\/product"}],"about":[{"href":"https:\/\/shop.garagestyger.ch\/index.php?rest_route=\/wp\/v2\/types\/product"}],"replies":[{"embeddable":true,"href":"https:\/\/shop.garagestyger.ch\/index.php?rest_route=%2Fwp%2Fv2%2Fcomments&post=1249"}],"wp:featuredmedia":[{"embeddable":true,"href":"https:\/\/shop.garagestyger.ch\/index.php?rest_route=\/wp\/v2\/media\/1250"}],"wp:attachment":[{"href":"https:\/\/shop.garagestyger.ch\/index.php?rest_route=%2Fwp%2Fv2%2Fmedia&parent=1249"}],"wp:term":[{"taxonomy":"product_cat","embeddable":true,"href":"https:\/\/shop.garagestyger.ch\/index.php?rest_route=%2Fwp%2Fv2%2Fproduct_cat&post=1249"},{"taxonomy":"product_tag","embeddable":true,"href":"https:\/\/shop.garagestyger.ch\/index.php?rest_route=%2Fwp%2Fv2%2Fproduct_tag&post=1249"}],"curies":[{"name":"wp","href":"https:\/\/api.w.org\/{rel}","templated":true}]}}