{"id":1219,"date":"2021-07-15T13:21:00","date_gmt":"2021-07-15T13:21:00","guid":{"rendered":"https:\/\/shop.garagestyger.ch\/?post_type=product&#038;p=1219"},"modified":"2023-09-16T08:31:43","modified_gmt":"2023-09-16T08:31:43","slug":"vx-80-wd-led-arbeitsscheinwerfer-osram","status":"publish","type":"product","link":"https:\/\/shop.garagestyger.ch\/?product=vx-80-wd-led-arbeitsscheinwerfer-osram","title":{"rendered":"VX-80-WD LED Arbeitsscheinwerfer Osram"},"content":{"rendered":"<p>Zusatzscheinwerfer LEDriving Round VX80-WD6000 Kelvin1150 LumenAusstattung: Erh\u00f6hte Verkehrssicherheit: Bis zu 240 m Leuchtweite \u00b7 Wide Beam (WD): Verbesserte Nahfeldbeleuchtung \u00b7 Kompakt und robust: Bruchsichere Polycarbonat-Linse f\u00fcr hohe Beanspruchung \u00b7 \u00dcber- und Unterspannungsschutz \u00b7 Integriertes Treiber- und W\u00e4rmemanagementsystem f\u00fcr eine erh\u00f6hte Lebensdauer \u00b7 Leuchtweite @1lx: 240 m \u00b7 Hot Lumen: 1150 lm \u00b7 Farbtemperatur: 6000 K \u00b7 Nenneingangsleistung: 22 W \u00b7 Eingangsspannung: 12\/24 V \u00b7 IP-Klasse: IP67 \u00b7 ECE: R112 \u00b7 EMC\/EMI: ECE R10 \u00b7 Polarit\u00e4tsschutz \u00b7 Kabell\u00e4nge: 35 cm \u00b7 Gewicht: 255 gTechnische Daten: Anwendungsempfehlung: ATV,Baumaschinen,Bus,Landwirtschaft,Lkw,Pkw,Quad,SUV,Stapler,Van,Wohnmobile \u00b7 Anzahl LEDs: 4 St. \u00b7 Ausf\u00fchrung (Auto-Zubeh\u00f6r): Fernscheinwerfer,Beleuchtung,Ersatzteile\/Zubeh\u00f6r \u00b7 Befestigungsart (im Auto): Schraubmontage \u00b7 Betriebsspannung: 12 V,24 V \u00b7 ECE-Typgenehmigungskennzeichnung: R112 \u00b7 Inhalt: 1 St. \u00b7 Leuchtmittel-Typ: LED \u00b7 Lichtfarbe: 6000 K \u00b7 Lichtstrom Gesamt: 1150 lm \u00b7 Montageort (Auto): vorne \u00b7 Produkt-Art: Frontscheinwerfer \u00b7 Produktabmessung, Breite: 65 mm \u00b7 Produktabmessung, H\u00f6he: 108 mm \u00b7 Produktabmessung, L\u00e4nge: 83 mm \u00b7 Suchscheinwerfer-Optik: Breite NahfeldausleuchtungHinweis: onroad.<\/p>\n<div class=\"sc-5t8oex-1 bXjAY\">\n<h3 id=\"specifications\" class=\"sc-1dj0gc8-0 dnTSsX\" data-test=\"specifications\">Spezifikationen<\/h3>\n<div class=\"sc-1dj0gc8-2 ezYZiH sc-1wsbwny-0 pvTwK\">\n<div class=\"sc-1op7ol6-0 hYPLAr\">\n<div class=\"specificationBlock_expandedSpecsTable__3yddt\">\n<div class=\"\">\n<table class=\"sc-18g78bs-0 dJpBnb\">\n<thead>\n<tr>\n<th class=\"sc-18g78bs-1 KPOyi\" colspan=\"2\">\n<h4 class=\"sc-18g78bs-2 ggmznJ\">Die wichtigsten Spezifikationen auf einen Blick<\/h4>\n<\/th>\n<\/tr>\n<\/thead>\n<tbody>\n<tr class=\"sc-18g78bs-3 qyTXn\">\n<td class=\"sc-18g78bs-4 sxRfA\">Lichttechnologie<\/td>\n<td class=\"sc-18g78bs-4 sxRfA\">\n<div>LED<\/div>\n<\/td>\n<\/tr>\n<tr class=\"sc-18g78bs-3 qyTXn\">\n<td class=\"sc-18g78bs-4 sxRfA\">Auto Einsatzbereich<\/td>\n<td class=\"sc-18g78bs-4 sxRfA\">\n<div>Scheinwerfer<\/div>\n<\/td>\n<\/tr>\n<\/tbody>\n<\/table>\n<\/div>\n<\/div>\n<\/div>\n<\/div>\n<\/div>\n<div class=\"sc-5t8oex-1 bXjAY\">\n<div class=\"sc-1dj0gc8-2 ezYZiH sc-1wsbwny-0 pvTwK\"><\/div>\n<\/div>\n","protected":false},"excerpt":{"rendered":"<p>Zusatzscheinwerfer LEDriving Round VX80-WD6000 Kelvin1150 LumenAusstattung: Erh\u00f6hte Verkehrssicherheit: Bis zu 240 m Leuchtweite \u00b7 Wide Beam (WD): Verbesserte Nahfeldbeleuchtung \u00b7 Kompakt und robust: Bruchsichere Polycarbonat-Linse f\u00fcr hohe Beanspruchung \u00b7 \u00dcber- und Unterspannungsschutz \u00b7 Integriertes Treiber- und W\u00e4rmemanagementsystem f\u00fcr eine erh\u00f6hte Lebensdauer \u00b7 Leuchtweite @1lx: 240 m \u00b7 Hot Lumen: 1150 lm \u00b7 Farbtemperatur: 6000 K [&hellip;]<\/p>\n","protected":false},"featured_media":1220,"comment_status":"open","ping_status":"closed","template":"","meta":[],"product_cat":[403,15,20],"product_tag":[380,377,390,414,415],"_links":{"self":[{"href":"https:\/\/shop.garagestyger.ch\/index.php?rest_route=\/wp\/v2\/product\/1219"}],"collection":[{"href":"https:\/\/shop.garagestyger.ch\/index.php?rest_route=\/wp\/v2\/product"}],"about":[{"href":"https:\/\/shop.garagestyger.ch\/index.php?rest_route=\/wp\/v2\/types\/product"}],"replies":[{"embeddable":true,"href":"https:\/\/shop.garagestyger.ch\/index.php?rest_route=%2Fwp%2Fv2%2Fcomments&post=1219"}],"wp:featuredmedia":[{"embeddable":true,"href":"https:\/\/shop.garagestyger.ch\/index.php?rest_route=\/wp\/v2\/media\/1220"}],"wp:attachment":[{"href":"https:\/\/shop.garagestyger.ch\/index.php?rest_route=%2Fwp%2Fv2%2Fmedia&parent=1219"}],"wp:term":[{"taxonomy":"product_cat","embeddable":true,"href":"https:\/\/shop.garagestyger.ch\/index.php?rest_route=%2Fwp%2Fv2%2Fproduct_cat&post=1219"},{"taxonomy":"product_tag","embeddable":true,"href":"https:\/\/shop.garagestyger.ch\/index.php?rest_route=%2Fwp%2Fv2%2Fproduct_tag&post=1219"}],"curies":[{"name":"wp","href":"https:\/\/api.w.org\/{rel}","templated":true}]}}