{"id":1211,"date":"2021-07-13T13:31:52","date_gmt":"2021-07-13T13:31:52","guid":{"rendered":"https:\/\/shop.garagestyger.ch\/?post_type=product&#038;p=1211"},"modified":"2021-07-13T13:31:53","modified_gmt":"2021-07-13T13:31:53","slug":"vx-70-wd-led-arbeitsscheinwerfer-osram","status":"publish","type":"product","link":"https:\/\/shop.garagestyger.ch\/?product=vx-70-wd-led-arbeitsscheinwerfer-osram","title":{"rendered":"VX-70-WD LED Arbeitsscheinwerfer Osram"},"content":{"rendered":"<h3 class=\"font-headline-text-bold orange\">Bringing light to life mit den OSRAM LEDriving Zusatz- und Arbeitsscheinwerfern<\/h3>\n<div class=\"product-text\">\n<div class=\"space-paragraph\" data-attr-id=\"ZPIM1TE00821\">Beachtliche Ausleuchtung auf dunklen Feld- und Waldwegen und im Gel\u00e4nde, das kann man mit dem OSRAM LEDriving Cube VX70-WD erreichen. Mit den 5 kraftstrotzenden langlebigen Hochleistung- LEDs kommt der OSRAM LEDriving Cube VX70-WD auf eine Reichweite von bis zu 43 Metern und bietet dem Anwender somit eindrucksvolle Sicht am Arbeitsplatz abseits der Stra\u00dfe und im Gel\u00e4nde. Auch bei D\u00e4mmerlicht und verminderten Sichtweiten durch \u00e4u\u00dfere Umwelteinfl\u00fcsse kann der OSRAM LEDriving Cube VX70-WD mit bis zu 6000 Kelvin f\u00fcr tageslicht\u00e4hnliche Verh\u00e4ltnisse sorgen. Das Kraftpaket mit bis zu 550 Lumen Leuchtkraft punktet mit h\u00f6chster optischer Effizienz und homogener Lichtverteilung. Dadurch ergibt sich die M\u00f6glichkeit einer verbesserten Sicht f\u00fcr Sie und die verbesserte Sichtbarkeit Ihrer Arbeitsumgebung, infolgedessen auch eine erh\u00f6hte Sicherheit.<br \/>\nDer OSRAM LEDriving Cube VX70-WD \u00fcberzeugt durch seine starke Leistung und eine hohe Lebensdauer mit bis zu 5000 Stunden. Vielseitig einsetzbar trotzt er zahlreichen Umwelteinfl\u00fcssen und ist dank hochwertig verarbeiteter Materialien, wie dem Aluminiumgeh\u00e4use und der stabilen Polycarbonatscheibe, besonders leicht und gleichzeitig robust und widerstandsf\u00e4hig. Der OSRAM LEDriving Cube VX70-WD wurde in unserem DIN zertifizierten Umweltsimulationslabor auf extreme \u00e4u\u00dfere Einfl\u00fcsse in Bezug auf Wasser, Staub, St\u00f6\u00dfe, Hitze, K\u00e4lte und dauerhafte Vibration getestet und mit der IP-Schutzklasse IP67 validiert. Das integrierte W\u00e4rmemanagementsystem reguliert die Temperatur des LED-Scheinwerfers und kann so Sch\u00e4den durch \u00dcberhitzung verhindern. Der Polarit\u00e4tsschutz hemmt bei der Spannungsversorgung die falsche Verpolung und kann dadurch m\u00f6gliche Sch\u00e4den, durch das automatische Abschalten der LEDs, abwenden. Der OSRAM LEDriving Cube VX70-WD ist eine effektive und effiziente Erg\u00e4nzung f\u00fcr ihr Fahrzeug.<br \/>\nAngebracht werden kann der LED-Scheinwerfer an Autos, Lastkraftwagen, Landmaschinen, Forstmaschinen, Nutzfahrzeugen, Baufahrzeugen, Gel\u00e4ndefahrzeugen und Quads<sup>2)<\/sup>.<br \/>\nDer OSRAM LEDriving Cube VX70-WD: Vielseitig anwendbar und flexibel einsetzbar.<\/div>\n<\/div>\n","protected":false},"excerpt":{"rendered":"<p>Bringing light to life mit den OSRAM LEDriving Zusatz- und Arbeitsscheinwerfern Beachtliche Ausleuchtung auf dunklen Feld- und Waldwegen und im Gel\u00e4nde, das kann man mit dem OSRAM LEDriving Cube VX70-WD erreichen. Mit den 5 kraftstrotzenden langlebigen Hochleistung- LEDs kommt der OSRAM LEDriving Cube VX70-WD auf eine Reichweite von bis zu 43 Metern und bietet dem [&hellip;]<\/p>\n","protected":false},"featured_media":1212,"comment_status":"open","ping_status":"closed","template":"","meta":[],"product_cat":[403,15,20],"product_tag":[410,380,377,390,413],"_links":{"self":[{"href":"https:\/\/shop.garagestyger.ch\/index.php?rest_route=\/wp\/v2\/product\/1211"}],"collection":[{"href":"https:\/\/shop.garagestyger.ch\/index.php?rest_route=\/wp\/v2\/product"}],"about":[{"href":"https:\/\/shop.garagestyger.ch\/index.php?rest_route=\/wp\/v2\/types\/product"}],"replies":[{"embeddable":true,"href":"https:\/\/shop.garagestyger.ch\/index.php?rest_route=%2Fwp%2Fv2%2Fcomments&post=1211"}],"wp:featuredmedia":[{"embeddable":true,"href":"https:\/\/shop.garagestyger.ch\/index.php?rest_route=\/wp\/v2\/media\/1212"}],"wp:attachment":[{"href":"https:\/\/shop.garagestyger.ch\/index.php?rest_route=%2Fwp%2Fv2%2Fmedia&parent=1211"}],"wp:term":[{"taxonomy":"product_cat","embeddable":true,"href":"https:\/\/shop.garagestyger.ch\/index.php?rest_route=%2Fwp%2Fv2%2Fproduct_cat&post=1211"},{"taxonomy":"product_tag","embeddable":true,"href":"https:\/\/shop.garagestyger.ch\/index.php?rest_route=%2Fwp%2Fv2%2Fproduct_tag&post=1211"}],"curies":[{"name":"wp","href":"https:\/\/api.w.org\/{rel}","templated":true}]}}