{"id":1191,"date":"2021-07-13T12:23:49","date_gmt":"2021-07-13T12:23:49","guid":{"rendered":"https:\/\/shop.garagestyger.ch\/?post_type=product&#038;p=1191"},"modified":"2025-06-17T08:25:13","modified_gmt":"2025-06-17T08:25:13","slug":"dachkonsole-blacksheep","status":"publish","type":"product","link":"https:\/\/shop.garagestyger.ch\/?product=dachkonsole-blacksheep","title":{"rendered":"Dachkonsole Hilux Revo (BlackSheep)"},"content":{"rendered":"<p>Die in Originalfarbe (Grau) pulverbeschichtete Dachkonsole ist komplett in Aluminium gefertigt and passt sich dem Dachhimmel perfekt an. Es sind diverse Varianten mit DIN-Ausschnitten aber auch Varianten mit zwei Ablagef\u00e4chern erh\u00e4ltlich. Das Nachr\u00fcsten zus\u00e4tzlicher USB-Steckplatze wie auch LED-Beleuchtung ist simpel. Die Fontbeleuchtung sowie die vordere Abdeckung mit integrierter Sonnenblendenablage bzw. Standheizungs-Bedienpanel wird in die Konsole mitintegriert. Die Montage erfolgt ohne Besch\u00e4digung der Original-Innenausstattung in Originalbohrungen durch Klemmen und Verschrauben.<\/p>\n<p><u>Standardausf\u00fchrung:<\/u><br \/>\n-Farbe grau<br \/>\n-1 DIN-Ausschnitt und Ablagefach<br \/>\n-LHD-Version (Linkslenker)<\/p>\n<p><u>Optional:<\/u><br \/>\n-Sonderfarbe schwarz.<br \/>\n-RHD-Version (Rechtslenker)<br \/>\n-2 Ablagef\u00e4cher<br \/>\n-Beleuchtungsstrip 2 Stk. vorkonfektionert.<br \/>\n-Blende mit SwitchPro-Ausschnitt.<br \/>\n-Blende mit Ausschnitt f\u00fcr 4 Schalter, je 22x37mm.<\/p>\n","protected":false},"excerpt":{"rendered":"<p>Die in Originalfarbe (Grau) pulverbeschichtete Dachkonsole ist komplett in Aluminium gefertigt and passt sich dem Dachhimmel perfekt an. Es sind diverse Varianten mit DIN-Ausschnitten aber auch Varianten mit zwei Ablagef\u00e4chern erh\u00e4ltlich. Das Nachr\u00fcsten zus\u00e4tzlicher USB-Steckplatze wie auch LED-Beleuchtung ist simpel. Die Fontbeleuchtung sowie die vordere Abdeckung mit integrierter Sonnenblendenablage bzw. Standheizungs-Bedienpanel wird in die Konsole [&hellip;]<\/p>\n","protected":false},"featured_media":1192,"comment_status":"open","ping_status":"closed","template":"","meta":[],"product_cat":[405,15],"product_tag":[408,406,407],"_links":{"self":[{"href":"https:\/\/shop.garagestyger.ch\/index.php?rest_route=\/wp\/v2\/product\/1191"}],"collection":[{"href":"https:\/\/shop.garagestyger.ch\/index.php?rest_route=\/wp\/v2\/product"}],"about":[{"href":"https:\/\/shop.garagestyger.ch\/index.php?rest_route=\/wp\/v2\/types\/product"}],"replies":[{"embeddable":true,"href":"https:\/\/shop.garagestyger.ch\/index.php?rest_route=%2Fwp%2Fv2%2Fcomments&post=1191"}],"wp:featuredmedia":[{"embeddable":true,"href":"https:\/\/shop.garagestyger.ch\/index.php?rest_route=\/wp\/v2\/media\/1192"}],"wp:attachment":[{"href":"https:\/\/shop.garagestyger.ch\/index.php?rest_route=%2Fwp%2Fv2%2Fmedia&parent=1191"}],"wp:term":[{"taxonomy":"product_cat","embeddable":true,"href":"https:\/\/shop.garagestyger.ch\/index.php?rest_route=%2Fwp%2Fv2%2Fproduct_cat&post=1191"},{"taxonomy":"product_tag","embeddable":true,"href":"https:\/\/shop.garagestyger.ch\/index.php?rest_route=%2Fwp%2Fv2%2Fproduct_tag&post=1191"}],"curies":[{"name":"wp","href":"https:\/\/api.w.org\/{rel}","templated":true}]}}