{"id":1175,"date":"2021-07-13T09:52:31","date_gmt":"2021-07-13T09:52:31","guid":{"rendered":"https:\/\/shop.garagestyger.ch\/?post_type=product&#038;p=1175"},"modified":"2024-05-05T15:51:26","modified_gmt":"2024-05-05T15:51:26","slug":"sp-9100-switch-pro-osram","status":"publish","type":"product","link":"https:\/\/shop.garagestyger.ch\/?product=sp-9100-switch-pro-osram","title":{"rendered":"SP-9100 Switch Pro Osram"},"content":{"rendered":"<p>Die neue Generation von Schaltern&#8230; das Switch Pros SP-9100 Schaltersystem bietet programmierbare Schalter, ist \u00fcber Smartphones steuerbar (Apple iOS App oder Android) via Bluetooth Interface und vereint maximale Leistungsf\u00e4higkeit mit einfachster Installation. Sicherungen und Relais entfallen komplett. Nur noch ein 4 d\u00fcnne Kabel zum \u00dcbertragen der Schaltimpulse mu\u00df vom Bedienteil zur Schaltbox gef\u00fchrt werden, dies minimiert den Installationsaufwand betr\u00e4chtlich.<br \/>\n<strong><u>Produktmerkmale:<\/u><\/strong><br \/>\n-8 programmierbare Schalter \u2013 Taster<br \/>\n-100 w\u00e4hlbare Schaltersymbole<br \/>\n-Hintergundbeleuchtung RGB anpassbar<br \/>\n-Programmierung und Steuerung \u00fcber die Schalter oder via Bluetooth per Smartphone(App)<br \/>\n-125A Solid State Schaltbox<br \/>\n-Abschaltung bei \u00dcber- oder Unterspannung<br \/>\n<strong><u>Programmieroptionen f\u00fcr die Schalter:<\/u><\/strong><br \/>\nAn\/Aus (On\/Off)<br \/>\nTaster (Momentary)<br \/>\nZ\u00fcndung oder Dauerplus<\/p>\n<p>Blitzer und Stroboskop-Schaltung<br \/>\nAbschaltung bei Niedrigspannung<br \/>\nDimmbarkeit der Ausg\u00e4nge zwischen 100% und 10%<br \/>\nEinfache Plug&amp;Play-Installation mittels vorkonfektioniertem Kabelbaum<br \/>\n<strong><u>Technische Daten:<\/u><\/strong><br \/>\nAbmessungen Schaltpanel: ca. 102 x 51 x 13mm<br \/>\nAbmessungen Schaltbox: ca. 153 x 77 x 13mm<br \/>\nMaterial: Aluminium, eloxiert<br \/>\nSchalt-LEDs: orange<br \/>\nLED Hintergrundbeleuchtung: RBG<br \/>\nHelligkeit der LEDs regelbar<br \/>\nL\u00e4nge Anschlu\u00dfkabel: ca. 1220mm<br \/>\nBelastbarkeit Schaltausg\u00e4nge: 4x 20A, 4x 35A<br \/>\nGesamtbelastbarkeit: 125A (Dauerlast)<br \/>\nTemperaturbereich: -40\u00b0 bis 125\u00b0 C<br \/>\n<strong><u>Optional:<\/u><\/strong><br \/>\n-Schalterpanel Amarok Dachhimmel zur Aufnahme der Bedieneinheit<br \/>\n-Schalterkonsole Amarok Armaturenbrett Facelift zur Aufnahme der Bedieneinheit<br \/>\n-Aufnahme Steuereinheit Motorraum Amarok. Edelstahlhalter zur Aufnahme der Switch Pro Steuereinheit.<\/p>\n","protected":false},"excerpt":{"rendered":"<p>Die neue Generation von Schaltern&#8230; das Switch Pros SP-9100 Schaltersystem bietet programmierbare Schalter, ist \u00fcber Smartphones steuerbar (Apple iOS App oder Android) via Bluetooth Interface und vereint maximale Leistungsf\u00e4higkeit mit einfachster Installation. Sicherungen und Relais entfallen komplett. Nur noch ein 4 d\u00fcnne Kabel zum \u00dcbertragen der Schaltimpulse mu\u00df vom Bedienteil zur Schaltbox gef\u00fchrt werden, dies [&hellip;]<\/p>\n","protected":false},"featured_media":1176,"comment_status":"open","ping_status":"closed","template":"","meta":[],"product_cat":[15,20],"product_tag":[377,398,397,396],"_links":{"self":[{"href":"https:\/\/shop.garagestyger.ch\/index.php?rest_route=\/wp\/v2\/product\/1175"}],"collection":[{"href":"https:\/\/shop.garagestyger.ch\/index.php?rest_route=\/wp\/v2\/product"}],"about":[{"href":"https:\/\/shop.garagestyger.ch\/index.php?rest_route=\/wp\/v2\/types\/product"}],"replies":[{"embeddable":true,"href":"https:\/\/shop.garagestyger.ch\/index.php?rest_route=%2Fwp%2Fv2%2Fcomments&post=1175"}],"wp:featuredmedia":[{"embeddable":true,"href":"https:\/\/shop.garagestyger.ch\/index.php?rest_route=\/wp\/v2\/media\/1176"}],"wp:attachment":[{"href":"https:\/\/shop.garagestyger.ch\/index.php?rest_route=%2Fwp%2Fv2%2Fmedia&parent=1175"}],"wp:term":[{"taxonomy":"product_cat","embeddable":true,"href":"https:\/\/shop.garagestyger.ch\/index.php?rest_route=%2Fwp%2Fv2%2Fproduct_cat&post=1175"},{"taxonomy":"product_tag","embeddable":true,"href":"https:\/\/shop.garagestyger.ch\/index.php?rest_route=%2Fwp%2Fv2%2Fproduct_tag&post=1175"}],"curies":[{"name":"wp","href":"https:\/\/api.w.org\/{rel}","templated":true}]}}