{"id":1163,"date":"2021-07-08T15:08:01","date_gmt":"2021-07-08T15:08:01","guid":{"rendered":"https:\/\/shop.garagestyger.ch\/?post_type=product&#038;p=1163"},"modified":"2023-06-10T11:16:40","modified_gmt":"2023-06-10T11:16:40","slug":"vx-120s-wd-led-rueckfahrscheinwerfer-osram","status":"publish","type":"product","link":"https:\/\/shop.garagestyger.ch\/?product=vx-120s-wd-led-rueckfahrscheinwerfer-osram","title":{"rendered":"VX-120S-WD LED R\u00fcckfahrscheinwerfer Osram"},"content":{"rendered":"<p>R\u00fcckfahrscheinwerfer f\u00fcr mehr weitsicht beim Rangieren, R\u00fcckw\u00e4rsfahren.<\/p>\n<p>Mit seinen 14 Hochleistungs LED`S erreichen die VX120 R\u00fcckfahrscheinwerfer von Osram eine sehr gute ausleuchtung von bis zu 36m.<\/p>\n<p>Dank des Aluminium-Geh\u00e4uses und der fast unzerst\u00f6rbaren und kratzfesten Polycarbonat-Scheibe ist der Scheinwerfer extrem Robust und zudem auch Wasserdicht nach dem IP67 Standart. Wie alle Osram LED-Zusatzscheinwerfer besteht auch die FX Serie aus Edelstahl und pulverbeschichtetem Aluminium. Dadurch erreichen die Scheinwerfer die in der Automobilbranche \u00fcblichen Korrosionsschutzstandarts.<\/p>\n<p>Der VX120 wird mit Montageb\u00fcgel und anschlusskabel geliefert.<\/p>\n<table width=\"600\">\n<tbody>\n<tr>\n<td width=\"300\">Zulassung als R\u00fcckfahrscheinwerfer<\/td>\n<td width=\"300\">Ja, ECE-R23<\/td>\n<\/tr>\n<tr>\n<td width=\"300\">Weitere Zulassungen<\/td>\n<td width=\"300\">ECE-R10 \/ E9<\/td>\n<\/tr>\n<tr>\n<td width=\"300\">Betriebsspannung<\/td>\n<td width=\"300\">12V\/ 24V DC<\/td>\n<\/tr>\n<tr>\n<td width=\"300\">Leistungsaufnahme<\/td>\n<td width=\"300\">15W<\/td>\n<\/tr>\n<tr>\n<td width=\"300\">Schutzklasse Geh\u00e4use<\/td>\n<td width=\"300\">IP69K<\/td>\n<\/tr>\n<tr>\n<td width=\"300\">Betriebstemperatur<\/td>\n<td width=\"300\">N\/A<\/td>\n<\/tr>\n<tr>\n<td width=\"300\">Farbtemperatur<\/td>\n<td width=\"300\">6000\u00b0K<\/td>\n<\/tr>\n<tr>\n<td width=\"300\">Lichtstrom<\/td>\n<td width=\"300\">1100 Lm<\/td>\n<\/tr>\n<tr>\n<td width=\"300\">HxBxT<\/td>\n<td width=\"300\">127x113x56 mm<\/td>\n<\/tr>\n<tr>\n<td width=\"300\">Gewicht<\/td>\n<td width=\"300\">360 g<\/td>\n<\/tr>\n<\/tbody>\n<\/table>\n","protected":false},"excerpt":{"rendered":"<p>R\u00fcckfahrscheinwerfer f\u00fcr mehr weitsicht beim Rangieren, R\u00fcckw\u00e4rsfahren. Mit seinen 14 Hochleistungs LED`S erreichen die VX120 R\u00fcckfahrscheinwerfer von Osram eine sehr gute ausleuchtung von bis zu 36m. Dank des Aluminium-Geh\u00e4uses und der fast unzerst\u00f6rbaren und kratzfesten Polycarbonat-Scheibe ist der Scheinwerfer extrem Robust und zudem auch Wasserdicht nach dem IP67 Standart. Wie alle Osram LED-Zusatzscheinwerfer besteht auch [&hellip;]<\/p>\n","protected":false},"featured_media":1164,"comment_status":"open","ping_status":"closed","template":"","meta":[],"product_cat":[403,15,20],"product_tag":[380,389,377,390,392],"_links":{"self":[{"href":"https:\/\/shop.garagestyger.ch\/index.php?rest_route=\/wp\/v2\/product\/1163"}],"collection":[{"href":"https:\/\/shop.garagestyger.ch\/index.php?rest_route=\/wp\/v2\/product"}],"about":[{"href":"https:\/\/shop.garagestyger.ch\/index.php?rest_route=\/wp\/v2\/types\/product"}],"replies":[{"embeddable":true,"href":"https:\/\/shop.garagestyger.ch\/index.php?rest_route=%2Fwp%2Fv2%2Fcomments&post=1163"}],"wp:featuredmedia":[{"embeddable":true,"href":"https:\/\/shop.garagestyger.ch\/index.php?rest_route=\/wp\/v2\/media\/1164"}],"wp:attachment":[{"href":"https:\/\/shop.garagestyger.ch\/index.php?rest_route=%2Fwp%2Fv2%2Fmedia&parent=1163"}],"wp:term":[{"taxonomy":"product_cat","embeddable":true,"href":"https:\/\/shop.garagestyger.ch\/index.php?rest_route=%2Fwp%2Fv2%2Fproduct_cat&post=1163"},{"taxonomy":"product_tag","embeddable":true,"href":"https:\/\/shop.garagestyger.ch\/index.php?rest_route=%2Fwp%2Fv2%2Fproduct_tag&post=1163"}],"curies":[{"name":"wp","href":"https:\/\/api.w.org\/{rel}","templated":true}]}}