{"id":1156,"date":"2021-07-08T15:00:51","date_gmt":"2021-07-08T15:00:51","guid":{"rendered":"https:\/\/shop.garagestyger.ch\/?post_type=product&#038;p=1156"},"modified":"2021-07-13T11:45:31","modified_gmt":"2021-07-13T11:45:31","slug":"vx-120r-wd-ledriving-rueckfahrscheinwerfer-osram","status":"publish","type":"product","link":"https:\/\/shop.garagestyger.ch\/?product=vx-120r-wd-ledriving-rueckfahrscheinwerfer-osram","title":{"rendered":"VX-120R-WD LED R\u00fcckfahrscheinwerfer Osram"},"content":{"rendered":"<p>R\u00fcckfahrscheinwerfer f\u00fcr mehr weitsicht beim Rangieren, R\u00fcckw\u00e4rsfahren.<\/p>\n<p>Mit seinen 14 Hochleistungs LED`S erreichen die VX120 R\u00fcckfahrscheinwerfer von Osram eine sehr gute ausleuchtung von bis zu 36m.<\/p>\n<p>Dank des Aluminium-Geh\u00e4uses und der fast unzerst\u00f6rbaren und kratzfesten Polycarbonat-Scheibe ist der Scheinwerfer extrem Robust und zudem auch Wasserdicht nach dem IP67 Standart. Wie alle Osram LED-Zusatzscheinwerfer besteht auch die FX Serie aus Edelstahl und pulverbeschichtetem Aluminium. Dadurch erreichen die Scheinwerfer die in der Automobilbranche \u00fcblichen Korrosionsschutzstandarts.<\/p>\n<p>Der VX120 wird mit Montageb\u00fcgel und anschlusskabel geliefert.<\/p>\n<table width=\"600\">\n<tbody>\n<tr>\n<td width=\"300\">Zulassung als R\u00fcckfahrscheinwerfer<\/td>\n<td width=\"300\">Ja, ECE-R23<\/td>\n<\/tr>\n<tr>\n<td width=\"300\">Weitere Zulassungen<\/td>\n<td width=\"300\">ECE-R10 \/ E9<\/td>\n<\/tr>\n<tr>\n<td width=\"300\">Betriebsspannung<\/td>\n<td width=\"300\">12V\/ 24V DC<\/td>\n<\/tr>\n<tr>\n<td width=\"300\">Leistungsaufnahme<\/td>\n<td width=\"300\">15W<\/td>\n<\/tr>\n<tr>\n<td width=\"300\">Schutzklasse Geh\u00e4use<\/td>\n<td width=\"300\">IP69K<\/td>\n<\/tr>\n<tr>\n<td width=\"300\">Betriebstemperatur<\/td>\n<td width=\"300\">N\/A<\/td>\n<\/tr>\n<tr>\n<td width=\"300\">Farbtemperatur<\/td>\n<td width=\"300\">6000\u00b0K<\/td>\n<\/tr>\n<tr>\n<td width=\"300\">Lichtstrom<\/td>\n<td width=\"300\">1100 Lm<\/td>\n<\/tr>\n<tr>\n<td width=\"300\">HxBxT<\/td>\n<td width=\"300\">131x121x49mm<\/td>\n<\/tr>\n<tr>\n<td width=\"300\">Gewicht<\/td>\n<td width=\"300\">360 g<\/td>\n<\/tr>\n<tr>\n<td width=\"300\">1Lx @<\/td>\n<td width=\"300\">N\/A<\/td>\n<\/tr>\n<\/tbody>\n<\/table>\n","protected":false},"excerpt":{"rendered":"<p>R\u00fcckfahrscheinwerfer f\u00fcr mehr weitsicht beim Rangieren, R\u00fcckw\u00e4rsfahren. Mit seinen 14 Hochleistungs LED`S erreichen die VX120 R\u00fcckfahrscheinwerfer von Osram eine sehr gute ausleuchtung von bis zu 36m. Dank des Aluminium-Geh\u00e4uses und der fast unzerst\u00f6rbaren und kratzfesten Polycarbonat-Scheibe ist der Scheinwerfer extrem Robust und zudem auch Wasserdicht nach dem IP67 Standart. Wie alle Osram LED-Zusatzscheinwerfer besteht auch [&hellip;]<\/p>\n","protected":false},"featured_media":1157,"comment_status":"open","ping_status":"closed","template":"","meta":[],"product_cat":[403,15,20],"product_tag":[380,389,377,390,391],"_links":{"self":[{"href":"https:\/\/shop.garagestyger.ch\/index.php?rest_route=\/wp\/v2\/product\/1156"}],"collection":[{"href":"https:\/\/shop.garagestyger.ch\/index.php?rest_route=\/wp\/v2\/product"}],"about":[{"href":"https:\/\/shop.garagestyger.ch\/index.php?rest_route=\/wp\/v2\/types\/product"}],"replies":[{"embeddable":true,"href":"https:\/\/shop.garagestyger.ch\/index.php?rest_route=%2Fwp%2Fv2%2Fcomments&post=1156"}],"wp:featuredmedia":[{"embeddable":true,"href":"https:\/\/shop.garagestyger.ch\/index.php?rest_route=\/wp\/v2\/media\/1157"}],"wp:attachment":[{"href":"https:\/\/shop.garagestyger.ch\/index.php?rest_route=%2Fwp%2Fv2%2Fmedia&parent=1156"}],"wp:term":[{"taxonomy":"product_cat","embeddable":true,"href":"https:\/\/shop.garagestyger.ch\/index.php?rest_route=%2Fwp%2Fv2%2Fproduct_cat&post=1156"},{"taxonomy":"product_tag","embeddable":true,"href":"https:\/\/shop.garagestyger.ch\/index.php?rest_route=%2Fwp%2Fv2%2Fproduct_tag&post=1156"}],"curies":[{"name":"wp","href":"https:\/\/api.w.org\/{rel}","templated":true}]}}